{"id":999,"date":"2020-04-30T22:32:45","date_gmt":"2020-04-30T22:32:45","guid":{"rendered":"https:\/\/clunyportugal.com\/ppsjc\/?page_id=999"},"modified":"2020-04-30T22:32:46","modified_gmt":"2020-04-30T22:32:46","slug":"utilidades","status":"publish","type":"page","link":"https:\/\/clunyportugal.com\/ppsjc\/utilidades\/","title":{"rendered":"Utilidades"},"content":{"rendered":"\n<p><strong>SIPC<\/strong> &#8211; Sistema Interno de Prote\u00e7\u00e3o e Cuidado<\/p>\n\n\n\n<p><strong>Contactos<\/strong><\/p>\n\n\n\n<p><strong>Antigo Site<\/strong> da Prov\u00edncia Portuguesa das Irm\u00e3s de S . Jos\u00e9 de Cluny<\/p>\n","protected":false},"excerpt":{"rendered":"<p>SIPC &#8211; Sistema Interno de Prote\u00e7\u00e3o e Cuidado Contactos Antigo Site da Prov\u00edncia Portuguesa das Irm\u00e3s de S . Jos\u00e9 de Cluny<\/p>\n","protected":false},"author":1,"featured_media":953,"parent":0,"menu_order":0,"comment_status":"closed","ping_status":"closed","template":"","meta":{"footnotes":""},"categories":[],"tags":[],"class_list":["post-999","page","type-page","status-publish","has-post-thumbnail","hentry"],"_links":{"self":[{"href":"https:\/\/clunyportugal.com\/ppsjc\/wp-json\/wp\/v2\/pages\/999","targetHints":{"allow":["GET"]}}],"collection":[{"href":"https:\/\/clunyportugal.com\/ppsjc\/wp-json\/wp\/v2\/pages"}],"about":[{"href":"https:\/\/clunyportugal.com\/ppsjc\/wp-json\/wp\/v2\/types\/page"}],"author":[{"embeddable":true,"href":"https:\/\/clunyportugal.com\/ppsjc\/wp-json\/wp\/v2\/users\/1"}],"replies":[{"embeddable":true,"href":"https:\/\/clunyportugal.com\/ppsjc\/wp-json\/wp\/v2\/comments?post=999"}],"version-history":[{"count":1,"href":"https:\/\/clunyportugal.com\/ppsjc\/wp-json\/wp\/v2\/pages\/999\/revisions"}],"predecessor-version":[{"id":1000,"href":"https:\/\/clunyportugal.com\/ppsjc\/wp-json\/wp\/v2\/pages\/999\/revisions\/1000"}],"wp:featuredmedia":[{"embeddable":true,"href":"https:\/\/clunyportugal.com\/ppsjc\/wp-json\/wp\/v2\/media\/953"}],"wp:attachment":[{"href":"https:\/\/clunyportugal.com\/ppsjc\/wp-json\/wp\/v2\/media?parent=999"}],"wp:term":[{"taxonomy":"category","embeddable":true,"href":"https:\/\/clunyportugal.com\/ppsjc\/wp-json\/wp\/v2\/categories?post=999"},{"taxonomy":"post_tag","embeddable":true,"href":"https:\/\/clunyportugal.com\/ppsjc\/wp-json\/wp\/v2\/tags?post=999"}],"curies":[{"name":"wp","href":"https:\/\/api.w.org\/{rel}","templated":true}]}}