{"id":85,"date":"2020-03-01T18:10:26","date_gmt":"2020-03-01T18:10:26","guid":{"rendered":"https:\/\/clunyportugal.com\/ppsjc\/?page_id=85"},"modified":"2025-03-18T19:39:01","modified_gmt":"2025-03-18T19:39:01","slug":"centro-de-solidariedade-da-imaculada-conceicao","status":"publish","type":"page","link":"https:\/\/clunyportugal.com\/ppsjc\/centro-de-solidariedade-da-imaculada-conceicao\/","title":{"rendered":"Centro de Solidariedade da Imaculada Concei\u00e7\u00e3o"},"content":{"rendered":"\n<p class=\"has-medium-font-size\"><strong>Comunidade Sagrado Cora\u00e7\u00e3o&nbsp;<\/strong><\/p>\n\n\n\n<p>Rua de S. Geraldo, 24<br>4700 \u2013 041 BRAGA<br>Tel: 253 263 341<br><strong>E-mail:&nbsp;<\/strong><a href=\"mailto:sagcor.cluny@gmail.com\">sagcor.cluny@gmail.com<\/a><\/p>\n\n\n\n<p class=\"has-medium-font-size\"><strong>Centro de Solidariedade da Imaculada Concei\u00e7\u00e3o<\/strong><\/p>\n\n\n\n<p>Rua de S. Geraldo, 24<br>4700 \u2013 041 BRAGA<br>Tel: 253 263 341<br><strong>E-mail:&nbsp;<\/strong><a href=\"mailto:sagcor.cluny@gmail.com\">sagcor.cluny@gmail.com<\/a><\/p>\n\n\n\n<p><\/p>\n\n\n\n<figure class=\"wp-block-image size-large\"><img loading=\"lazy\" decoding=\"async\" width=\"1024\" height=\"878\" src=\"https:\/\/clunyportugal.com\/ppsjc\/wp-content\/uploads\/2020\/03\/centro_social_Imaculada_conceicao-1024x878.png\" alt=\"\" class=\"wp-image-86\" srcset=\"https:\/\/clunyportugal.com\/ppsjc\/wp-content\/uploads\/2020\/03\/centro_social_Imaculada_conceicao-1024x878.png 1024w, https:\/\/clunyportugal.com\/ppsjc\/wp-content\/uploads\/2020\/03\/centro_social_Imaculada_conceicao-300x257.png 300w, https:\/\/clunyportugal.com\/ppsjc\/wp-content\/uploads\/2020\/03\/centro_social_Imaculada_conceicao-768x658.png 768w, https:\/\/clunyportugal.com\/ppsjc\/wp-content\/uploads\/2020\/03\/centro_social_Imaculada_conceicao-1536x1317.png 1536w, https:\/\/clunyportugal.com\/ppsjc\/wp-content\/uploads\/2020\/03\/centro_social_Imaculada_conceicao.png 1850w\" sizes=\"auto, (max-width: 1024px) 100vw, 1024px\" \/><\/figure>\n\n\n\n<p>Neste edif\u00edcio, propriedade da Congrega\u00e7\u00e3o, funciona o Centro de Solidariedade da Imaculada Concei\u00e7\u00e3o, Institui\u00e7\u00e3o Particular de Solidariedade Social, confiado \u00e0 administra\u00e7\u00e3o e orienta\u00e7\u00e3o educativa das Irm\u00e3s de S. Jos\u00e9 de Cluny.<br><br>Desde a sua origem \u2013 1929 \u2013 tem sido sempre uma resposta de car\u00e1cter social, de forma\u00e7\u00e3o humana e religiosa para quantos o procuram.<br><br>Actualmente as Irm\u00e3s que integram a Comunidade t\u00eam como principal miss\u00e3o colaborar com os pais na tarefa da Educa\u00e7\u00e3o das crian\u00e7as que diariamente passam pela nossa casa, no pr\u00e9-escolar e em Actividades de Tempos Livres (ATL).<\/p>\n\n\n\n<p>A dimens\u00e3o evangelizadora tem um lugar importante quer junto das crian\u00e7as, quer junto dos pais e pessoal docente e n\u00e3o docente, de forma sistem\u00e1tica em ac\u00e7\u00f5es de forma\u00e7\u00e3o feita por peritos e ainda pelo testemunho, est\u00edmulo, escuta, ora\u00e7\u00e3o, etc.&nbsp;<br><br>A nossa miss\u00e3o alarga-se \u00e0 Par\u00f3quia, na catequese, no grupo coral e em visitas a domic\u00edlio levando a Comunh\u00e3o a doentes, dando-lhes tamb\u00e9m um pouco do nosso tempo na presen\u00e7a que lhes fazemos.&nbsp;<\/p>\n","protected":false},"excerpt":{"rendered":"<p>Comunidade Sagrado Cora\u00e7\u00e3o&nbsp; Rua de S. Geraldo, 244700 \u2013 041 BRAGATel: 253 263 341E-mail:&nbsp;sagcor.cluny@gmail.com Centro de Solidariedade da Imaculada Concei\u00e7\u00e3o Rua de S. Geraldo, 244700 \u2013 041 BRAGATel: 253 263 341E-mail:&nbsp;sagcor.cluny@gmail.com Neste edif\u00edcio, propriedade da Congrega\u00e7\u00e3o, funciona o Centro de Solidariedade da Imaculada Concei\u00e7\u00e3o, Institui\u00e7\u00e3o Particular de Solidariedade Social, confiado \u00e0 administra\u00e7\u00e3o e orienta\u00e7\u00e3o educativa [&hellip;]<\/p>\n<p class=\"more-link\"><a href=\"https:\/\/clunyportugal.com\/ppsjc\/centro-de-solidariedade-da-imaculada-conceicao\/\"  class=\"themebutton\">Read More<\/a><\/p>\n","protected":false},"author":1,"featured_media":86,"parent":0,"menu_order":0,"comment_status":"closed","ping_status":"closed","template":"","meta":{"footnotes":""},"categories":[7],"tags":[],"class_list":["post-85","page","type-page","status-publish","has-post-thumbnail","hentry","category-portugal"],"_links":{"self":[{"href":"https:\/\/clunyportugal.com\/ppsjc\/wp-json\/wp\/v2\/pages\/85","targetHints":{"allow":["GET"]}}],"collection":[{"href":"https:\/\/clunyportugal.com\/ppsjc\/wp-json\/wp\/v2\/pages"}],"about":[{"href":"https:\/\/clunyportugal.com\/ppsjc\/wp-json\/wp\/v2\/types\/page"}],"author":[{"embeddable":true,"href":"https:\/\/clunyportugal.com\/ppsjc\/wp-json\/wp\/v2\/users\/1"}],"replies":[{"embeddable":true,"href":"https:\/\/clunyportugal.com\/ppsjc\/wp-json\/wp\/v2\/comments?post=85"}],"version-history":[{"count":6,"href":"https:\/\/clunyportugal.com\/ppsjc\/wp-json\/wp\/v2\/pages\/85\/revisions"}],"predecessor-version":[{"id":2142,"href":"https:\/\/clunyportugal.com\/ppsjc\/wp-json\/wp\/v2\/pages\/85\/revisions\/2142"}],"wp:featuredmedia":[{"embeddable":true,"href":"https:\/\/clunyportugal.com\/ppsjc\/wp-json\/wp\/v2\/media\/86"}],"wp:attachment":[{"href":"https:\/\/clunyportugal.com\/ppsjc\/wp-json\/wp\/v2\/media?parent=85"}],"wp:term":[{"taxonomy":"category","embeddable":true,"href":"https:\/\/clunyportugal.com\/ppsjc\/wp-json\/wp\/v2\/categories?post=85"},{"taxonomy":"post_tag","embeddable":true,"href":"https:\/\/clunyportugal.com\/ppsjc\/wp-json\/wp\/v2\/tags?post=85"}],"curies":[{"name":"wp","href":"https:\/\/api.w.org\/{rel}","templated":true}]}}