{"id":799,"date":"2020-04-25T11:31:14","date_gmt":"2020-04-25T11:31:14","guid":{"rendered":"https:\/\/clunyportugal.com\/ppsjc\/?page_id=799"},"modified":"2020-04-29T09:58:19","modified_gmt":"2020-04-29T09:58:19","slug":"grupo-missionario-cluny","status":"publish","type":"page","link":"https:\/\/clunyportugal.com\/ppsjc\/grupo-missionario-cluny\/","title":{"rendered":"Voluntariado Mission\u00e1rio Cluny"},"content":{"rendered":"\n<p class=\"has-large-font-size\"><strong>Voluntariado Mission\u00e1rio Cluny<\/strong><\/p>\n\n\n\n<figure class=\"wp-block-gallery columns-2 is-cropped wp-block-gallery-1 is-layout-flex wp-block-gallery-is-layout-flex\"><ul class=\"blocks-gallery-grid\"><li class=\"blocks-gallery-item\"><figure><img loading=\"lazy\" decoding=\"async\" width=\"1024\" height=\"768\" src=\"https:\/\/clunyportugal.com\/ppsjc\/wp-content\/uploads\/2020\/04\/gm1-1024x768.png\" alt=\"\" data-id=\"800\" data-full-url=\"https:\/\/clunyportugal.com\/ppsjc\/wp-content\/uploads\/2020\/04\/gm1.png\" data-link=\"https:\/\/clunyportugal.com\/ppsjc\/?attachment_id=800#main\" class=\"wp-image-800\" srcset=\"https:\/\/clunyportugal.com\/ppsjc\/wp-content\/uploads\/2020\/04\/gm1-1024x768.png 1024w, https:\/\/clunyportugal.com\/ppsjc\/wp-content\/uploads\/2020\/04\/gm1-300x225.png 300w, https:\/\/clunyportugal.com\/ppsjc\/wp-content\/uploads\/2020\/04\/gm1-768x576.png 768w, https:\/\/clunyportugal.com\/ppsjc\/wp-content\/uploads\/2020\/04\/gm1-380x285.png 380w, https:\/\/clunyportugal.com\/ppsjc\/wp-content\/uploads\/2020\/04\/gm1-285x214.png 285w, https:\/\/clunyportugal.com\/ppsjc\/wp-content\/uploads\/2020\/04\/gm1.png 1200w\" sizes=\"auto, (max-width: 1024px) 100vw, 1024px\" \/><\/figure><\/li><li class=\"blocks-gallery-item\"><figure><img loading=\"lazy\" decoding=\"async\" width=\"1024\" height=\"756\" src=\"https:\/\/clunyportugal.com\/ppsjc\/wp-content\/uploads\/2020\/04\/gm2-1024x756.png\" alt=\"\" data-id=\"801\" data-full-url=\"https:\/\/clunyportugal.com\/ppsjc\/wp-content\/uploads\/2020\/04\/gm2.png\" data-link=\"https:\/\/clunyportugal.com\/ppsjc\/?attachment_id=801#main\" class=\"wp-image-801\" srcset=\"https:\/\/clunyportugal.com\/ppsjc\/wp-content\/uploads\/2020\/04\/gm2-1024x756.png 1024w, https:\/\/clunyportugal.com\/ppsjc\/wp-content\/uploads\/2020\/04\/gm2-300x222.png 300w, https:\/\/clunyportugal.com\/ppsjc\/wp-content\/uploads\/2020\/04\/gm2-768x567.png 768w, https:\/\/clunyportugal.com\/ppsjc\/wp-content\/uploads\/2020\/04\/gm2.png 1200w\" sizes=\"auto, (max-width: 1024px) 100vw, 1024px\" \/><\/figure><\/li><li class=\"blocks-gallery-item\"><figure><img loading=\"lazy\" decoding=\"async\" width=\"1024\" height=\"759\" src=\"https:\/\/clunyportugal.com\/ppsjc\/wp-content\/uploads\/2020\/04\/gm3-1024x759.png\" alt=\"\" data-id=\"802\" data-full-url=\"https:\/\/clunyportugal.com\/ppsjc\/wp-content\/uploads\/2020\/04\/gm3.png\" data-link=\"https:\/\/clunyportugal.com\/ppsjc\/?attachment_id=802#main\" class=\"wp-image-802\" srcset=\"https:\/\/clunyportugal.com\/ppsjc\/wp-content\/uploads\/2020\/04\/gm3-1024x759.png 1024w, https:\/\/clunyportugal.com\/ppsjc\/wp-content\/uploads\/2020\/04\/gm3-300x222.png 300w, https:\/\/clunyportugal.com\/ppsjc\/wp-content\/uploads\/2020\/04\/gm3-768x569.png 768w, https:\/\/clunyportugal.com\/ppsjc\/wp-content\/uploads\/2020\/04\/gm3.png 1167w\" sizes=\"auto, (max-width: 1024px) 100vw, 1024px\" \/><\/figure><\/li><li class=\"blocks-gallery-item\"><figure><img loading=\"lazy\" decoding=\"async\" width=\"1024\" height=\"759\" src=\"https:\/\/clunyportugal.com\/ppsjc\/wp-content\/uploads\/2020\/04\/gm4-1024x759.png\" alt=\"\" data-id=\"803\" data-full-url=\"https:\/\/clunyportugal.com\/ppsjc\/wp-content\/uploads\/2020\/04\/gm4.png\" data-link=\"https:\/\/clunyportugal.com\/ppsjc\/?attachment_id=803#main\" class=\"wp-image-803\" srcset=\"https:\/\/clunyportugal.com\/ppsjc\/wp-content\/uploads\/2020\/04\/gm4-1024x759.png 1024w, https:\/\/clunyportugal.com\/ppsjc\/wp-content\/uploads\/2020\/04\/gm4-300x222.png 300w, https:\/\/clunyportugal.com\/ppsjc\/wp-content\/uploads\/2020\/04\/gm4-768x569.png 768w, https:\/\/clunyportugal.com\/ppsjc\/wp-content\/uploads\/2020\/04\/gm4.png 1200w\" sizes=\"auto, (max-width: 1024px) 100vw, 1024px\" \/><\/figure><\/li><\/ul><\/figure>\n\n\n\n<p class=\"has-large-font-size\"><strong>A miss\u00e3o faz-se com a alegria do Evangelho<\/strong><\/p>\n\n\n\n<p>&#8220;Com Cristo n\u00e3o existem t\u00e9dio, cansa\u00e7o e tristeza, porque Ele \u00e9 a novidade cont\u00ednua do nosso viver&#8221;<br><a rel=\"noreferrer noopener\" href=\"https:\/\/www.vaticannews.va\/pt\/papa\/news\/2019-09\/papa-francisco-institutos-missao-italianos-mes-missionario.html\" target=\"_blank\">Papa Francisco<\/a><\/p>\n\n\n\n<p>\u201cO mission\u00e1rio vive a coragem do Evangelho sem demasiados c\u00e1lculos, \u00e0s vezes indo inclusive al\u00e9m do bom senso comum, porque impulsionado pela confian\u00e7a depositada exclusivamente em Jesus\u201d, disse o Papa, destacando que h\u00e1 uma \u201cm\u00edstica\u201d da miss\u00e3o que precisa ser redescoberta.<\/p>\n\n\n\n<p>\u201cN\u00e3o existe outra raz\u00e3o sen\u00e3o Cristo Ressuscitado para decidir partir, deixar os afetos mais caros, o pr\u00f3prio pa\u00eds, os pr\u00f3prios amigos, a pr\u00f3pria cultura.\u201d<\/p>\n\n\n\n<p class=\"has-large-font-size\"><strong>Ad gentes, ad extra e ad vitam<\/strong><\/p>\n\n\n\n<p>O Pont\u00edfice destacou as tr\u00eas \u201ccaracter\u00edsticas\u201d do mission\u00e1rio: ad gentes (para as na\u00e7\u00f5es), ad extra (para fora), ad vitam (para sempre). A miss\u00e3o, ressaltou, n\u00e3o \u00e9 em sentido \u00fanico, isto \u00e9, da Europa para o restante do mundo. Pelo contr\u00e1rio, observou, a maior parte das voca\u00e7\u00f5es sacerdotais e religiosas hoje surge em territ\u00f3rios que, precedentemente, somente recebiam mission\u00e1rios.<\/p>\n\n\n\n<p>A este ponto, o Papa recordou a assembleia-geral da Companhia de Jesus de 1974, a de n\u00famero 32. Naquele per\u00edodo, era \u201cestranho\u201d pensar num prep\u00f3sito que n\u00e3o fosse europeu, sendo que hoje \u00e9 um latino-americano [Arturo Sosa]. \u201cA situa\u00e7\u00e3o se inverteu: o que em 74 era uma utopia, hoje \u00e9 a realidade.\u201d<\/p>\n\n\n\n<p>\u201cEste fato, de um lado, aumente em n\u00f3s o sentido de gratid\u00e3o pelos santos evangelizadores que semearam com grandes sacrif\u00edcios naquelas terras e, de outro, constitui um desafio para as Igrejas e para os Institutos: um desafio para a comunh\u00e3o e para a forma\u00e7\u00e3o.\u201d<\/p>\n\n\n\n<p class=\"has-large-font-size\"><strong>Sem alegria, n\u00e3o h\u00e1 miss\u00e3o<\/strong><\/p>\n\n\n\n<p>Partir para outro pa\u00eds, prosseguiu, \u00e9 transmitir uma mensagem de coragem e for\u00e7a para quem fica. Pois partir \u00e9 continuar a dizer:<\/p>\n\n\n\n<p>\u201cCom Cristo n\u00e3o existem t\u00e9dio, cansa\u00e7o e tristeza, porque Ele \u00e9 a novidade cont\u00ednua do nosso viver. Ao mission\u00e1rio, \u00e9 necess\u00e1ria a alegria do Evangelho: sem esta, n\u00e3o se faz miss\u00e3o, se anuncia um Evangelho que n\u00e3o atrai.\u201d<\/p>\n\n\n\n<p>O \u00faltimo pensamento do Papa foi dirigido aos migrantes: \u201cAs&nbsp;<em>gentes&nbsp;<\/em>distantes, agora vieram a habitar nos nossos pa\u00edses, s\u00e3o os desconhecidos da porta ao lado. \u00c9 preciso redescobrir a aventura fascinante de fazer-se pr\u00f3ximos, de acolher e de se ajudar\u201d. O tema escolhido para este m\u00eas extraordin\u00e1rio \u00e9 justamente \u201cbatizados e enviados\u201d, para recordar que a natureza intr\u00ednseca da Igreja \u00e9 mission\u00e1ria.<\/p>\n","protected":false},"excerpt":{"rendered":"<p>Voluntariado Mission\u00e1rio Cluny A miss\u00e3o faz-se com a alegria do Evangelho &#8220;Com Cristo n\u00e3o existem t\u00e9dio, cansa\u00e7o e tristeza, porque Ele \u00e9 a novidade cont\u00ednua do nosso viver&#8221;Papa Francisco \u201cO mission\u00e1rio vive a coragem do Evangelho sem demasiados c\u00e1lculos, \u00e0s vezes indo inclusive al\u00e9m do bom senso comum, porque impulsionado pela confian\u00e7a depositada exclusivamente em [&hellip;]<\/p>\n<p class=\"more-link\"><a href=\"https:\/\/clunyportugal.com\/ppsjc\/grupo-missionario-cluny\/\"  class=\"themebutton\">Read More<\/a><\/p>\n","protected":false},"author":1,"featured_media":803,"parent":0,"menu_order":0,"comment_status":"closed","ping_status":"closed","template":"","meta":{"footnotes":""},"categories":[],"tags":[],"class_list":["post-799","page","type-page","status-publish","has-post-thumbnail","hentry"],"_links":{"self":[{"href":"https:\/\/clunyportugal.com\/ppsjc\/wp-json\/wp\/v2\/pages\/799","targetHints":{"allow":["GET"]}}],"collection":[{"href":"https:\/\/clunyportugal.com\/ppsjc\/wp-json\/wp\/v2\/pages"}],"about":[{"href":"https:\/\/clunyportugal.com\/ppsjc\/wp-json\/wp\/v2\/types\/page"}],"author":[{"embeddable":true,"href":"https:\/\/clunyportugal.com\/ppsjc\/wp-json\/wp\/v2\/users\/1"}],"replies":[{"embeddable":true,"href":"https:\/\/clunyportugal.com\/ppsjc\/wp-json\/wp\/v2\/comments?post=799"}],"version-history":[{"count":6,"href":"https:\/\/clunyportugal.com\/ppsjc\/wp-json\/wp\/v2\/pages\/799\/revisions"}],"predecessor-version":[{"id":889,"href":"https:\/\/clunyportugal.com\/ppsjc\/wp-json\/wp\/v2\/pages\/799\/revisions\/889"}],"wp:featuredmedia":[{"embeddable":true,"href":"https:\/\/clunyportugal.com\/ppsjc\/wp-json\/wp\/v2\/media\/803"}],"wp:attachment":[{"href":"https:\/\/clunyportugal.com\/ppsjc\/wp-json\/wp\/v2\/media?parent=799"}],"wp:term":[{"taxonomy":"category","embeddable":true,"href":"https:\/\/clunyportugal.com\/ppsjc\/wp-json\/wp\/v2\/categories?post=799"},{"taxonomy":"post_tag","embeddable":true,"href":"https:\/\/clunyportugal.com\/ppsjc\/wp-json\/wp\/v2\/tags?post=799"}],"curies":[{"name":"wp","href":"https:\/\/api.w.org\/{rel}","templated":true}]}}