{"id":70,"date":"2020-03-01T17:47:33","date_gmt":"2020-03-01T17:47:33","guid":{"rendered":"https:\/\/clunyportugal.com\/ppsjc\/?page_id=70"},"modified":"2025-03-18T19:41:38","modified_gmt":"2025-03-18T19:41:38","slug":"centro-de-bem-estar-infantil","status":"publish","type":"page","link":"https:\/\/clunyportugal.com\/ppsjc\/centro-de-bem-estar-infantil\/","title":{"rendered":"Centro de Bem Estar Infantil"},"content":{"rendered":"\n<p class=\"has-medium-font-size\"><strong>Comunidade Nossa Senhora da Confian\u00e7a<\/strong><\/p>\n\n\n\n<p>Avenida dos Combatentes, 1<br>2460 \u2013 039 ALCOBA\u00c7A<br>Tel: 262 581 053 \/ Fax: 262 582 332<br><strong>E-mail:&nbsp;<\/strong><a href=\"mailto:cnsc.sjc@gmail.com\">cnsc.sjc@gmail.com<\/a><\/p>\n\n\n\n<p class=\"has-medium-font-size\"><strong>Centro de Bem Estar Infantil<\/strong><\/p>\n\n\n\n<p>Avenida dos Combatentes, 1<br>2460 \u2013 039 ALCOBA\u00c7A<br>Tel: 262 581 053 \/ Fax: 262 582 332<br><strong>E-mail:&nbsp;<\/strong><a href=\"mailto:cnsc.sjc@gmail.com\">cnsc.sjc@gmail.com<\/a><\/p>\n\n\n\n<p><\/p>\n\n\n\n<figure class=\"wp-block-image size-large is-resized\"><img loading=\"lazy\" decoding=\"async\" width=\"500\" height=\"333\" src=\"https:\/\/clunyportugal.com\/ppsjc\/wp-content\/uploads\/2020\/03\/alcobaca.png\" alt=\"\" class=\"wp-image-71\" style=\"width:578px;height:385px\" srcset=\"https:\/\/clunyportugal.com\/ppsjc\/wp-content\/uploads\/2020\/03\/alcobaca.png 500w, https:\/\/clunyportugal.com\/ppsjc\/wp-content\/uploads\/2020\/03\/alcobaca-300x200.png 300w, https:\/\/clunyportugal.com\/ppsjc\/wp-content\/uploads\/2020\/03\/alcobaca-380x254.png 380w, https:\/\/clunyportugal.com\/ppsjc\/wp-content\/uploads\/2020\/03\/alcobaca-285x190.png 285w\" sizes=\"auto, (max-width: 500px) 100vw, 500px\" \/><\/figure>\n\n\n\n<p>Foi em Junho de 1973 que chegaram a Alcoba\u00e7a tr\u00eas Irm\u00e3s de S. Jos\u00e9 de Cluny para tomarem posse da ent\u00e3o chamada &#8220;Casa de Retiro&#8221; que a vi\u00fava D. Cristina Rino legou \u00e0 Congrega\u00e7\u00e3o. Esta benem\u00e9rita senhora, j\u00e1 em 1965 tinha manifestado o desejo de doar a sua resid\u00eancia a uma Congrega\u00e7\u00e3o de origem estrangeira. A Comunidade foi erecta canonicamente a 12 de Junho de 1975 com cinco Irm\u00e3s.&nbsp;<\/p>\n\n\n\n<p>Depois de adapta\u00e7\u00f5es necess\u00e1rias e de um estudo das necessidades da popula\u00e7\u00e3o local, viu-se que era urgente e poss\u00edvel acolher crian\u00e7as cujas m\u00e3es trabalhavam fora do lar.<\/p>\n\n\n\n<p>As Irm\u00e3s que constituem a Comunidade, ajudadas por uma boa equipa de pessoal docente e auxiliar, mant\u00eam em funcionamento duas val\u00eancias: Creche e pr\u00e9-escolar.<\/p>\n\n\n\n<p>O Centro de Bem Estar Infantil \u00e9 uma Institui\u00e7\u00e3o Particular de Solidariedade Social desde Dezembro de 1975.<br><br>Integradas na Par\u00f3quia, as Irm\u00e3s d\u00e3o a sua colabora\u00e7\u00e3o como: Catequistas, Ministros Extraordin\u00e1rios da Comunh\u00e3o, visitas \u00e0s fam\u00edlias e doentes, no Grupo Coral ou outras actividades onde o Senhor nos chama e n\u00f3s procuramos responder como Ana Maria Javouhey: &#8220;Estar em toda a parte onde h\u00e1 bem a fazer e sofrimento a aliviar\u201d<\/p>\n","protected":false},"excerpt":{"rendered":"<p>Comunidade Nossa Senhora da Confian\u00e7a Avenida dos Combatentes, 12460 \u2013 039 ALCOBA\u00c7ATel: 262 581 053 \/ Fax: 262 582 332E-mail:&nbsp;cnsc.sjc@gmail.com Centro de Bem Estar Infantil Avenida dos Combatentes, 12460 \u2013 039 ALCOBA\u00c7ATel: 262 581 053 \/ Fax: 262 582 332E-mail:&nbsp;cnsc.sjc@gmail.com Foi em Junho de 1973 que chegaram a Alcoba\u00e7a tr\u00eas Irm\u00e3s de S. Jos\u00e9 de [&hellip;]<\/p>\n<p class=\"more-link\"><a href=\"https:\/\/clunyportugal.com\/ppsjc\/centro-de-bem-estar-infantil\/\"  class=\"themebutton\">Read More<\/a><\/p>\n","protected":false},"author":1,"featured_media":71,"parent":0,"menu_order":0,"comment_status":"closed","ping_status":"closed","template":"","meta":{"footnotes":""},"categories":[7],"tags":[],"class_list":["post-70","page","type-page","status-publish","has-post-thumbnail","hentry","category-portugal"],"_links":{"self":[{"href":"https:\/\/clunyportugal.com\/ppsjc\/wp-json\/wp\/v2\/pages\/70","targetHints":{"allow":["GET"]}}],"collection":[{"href":"https:\/\/clunyportugal.com\/ppsjc\/wp-json\/wp\/v2\/pages"}],"about":[{"href":"https:\/\/clunyportugal.com\/ppsjc\/wp-json\/wp\/v2\/types\/page"}],"author":[{"embeddable":true,"href":"https:\/\/clunyportugal.com\/ppsjc\/wp-json\/wp\/v2\/users\/1"}],"replies":[{"embeddable":true,"href":"https:\/\/clunyportugal.com\/ppsjc\/wp-json\/wp\/v2\/comments?post=70"}],"version-history":[{"count":5,"href":"https:\/\/clunyportugal.com\/ppsjc\/wp-json\/wp\/v2\/pages\/70\/revisions"}],"predecessor-version":[{"id":2143,"href":"https:\/\/clunyportugal.com\/ppsjc\/wp-json\/wp\/v2\/pages\/70\/revisions\/2143"}],"wp:featuredmedia":[{"embeddable":true,"href":"https:\/\/clunyportugal.com\/ppsjc\/wp-json\/wp\/v2\/media\/71"}],"wp:attachment":[{"href":"https:\/\/clunyportugal.com\/ppsjc\/wp-json\/wp\/v2\/media?parent=70"}],"wp:term":[{"taxonomy":"category","embeddable":true,"href":"https:\/\/clunyportugal.com\/ppsjc\/wp-json\/wp\/v2\/categories?post=70"},{"taxonomy":"post_tag","embeddable":true,"href":"https:\/\/clunyportugal.com\/ppsjc\/wp-json\/wp\/v2\/tags?post=70"}],"curies":[{"name":"wp","href":"https:\/\/api.w.org\/{rel}","templated":true}]}}