{"id":603,"date":"2020-03-03T23:14:54","date_gmt":"2020-03-03T23:14:54","guid":{"rendered":"https:\/\/clunyportugal.com\/ppsjc\/?page_id=603"},"modified":"2022-01-27T20:26:39","modified_gmt":"2022-01-27T20:26:39","slug":"livraria-amj","status":"publish","type":"page","link":"https:\/\/clunyportugal.com\/ppsjc\/livraria-amj\/","title":{"rendered":"Livraria AMJ"},"content":{"rendered":"\n<h2 class=\"wp-block-heading\" id=\"bibliografias\"><strong>Bibliografias<\/strong><\/h2>\n\n\n\n<figure class=\"wp-block-image size-full is-resized\"><img loading=\"lazy\" decoding=\"async\" src=\"https:\/\/clunyportugal.com\/ppsjc\/wp-content\/uploads\/2022\/01\/manual_oracoes.png\" alt=\"\" class=\"wp-image-1600\" width=\"227\" height=\"315\" srcset=\"https:\/\/clunyportugal.com\/ppsjc\/wp-content\/uploads\/2022\/01\/manual_oracoes.png 340w, https:\/\/clunyportugal.com\/ppsjc\/wp-content\/uploads\/2022\/01\/manual_oracoes-216x300.png 216w\" sizes=\"auto, (max-width: 227px) 100vw, 227px\" \/><\/figure>\n\n\n\n<p class=\"has-black-color has-text-color\">Livro:<em><strong> Manual de Ora\u00e7\u00f5es<\/strong><\/em><br>Autor: Prov\u00edncia Portuguesa das Irm\u00e3s de S. Jos\u00e9 de Cluny<br>Tema: Ora\u00e7\u00f5es, Salmos, Datas importantes e C\u00e2nticos \u00e0 Beata Ana Maria Javouhey<br>Tamanho: 15 \u00d7 10 \u00d7 1 cm<br>P\u00e1ginas: 197<br>Dep\u00f3sito legal: 488679\/21<br>Impress\u00e3o e Acabamento: Escola Tipogr\u00e1fica das Miss\u00f5es<br>Edi\u00e7\u00e3o: 2021<br><strong>Adquirir<\/strong>:<br><a rel=\"noreferrer noopener\" href=\"https:\/\/clunyportugal.com\/ppsjc\/contactos\/\" target=\"_blank\">Contacte-nos aqui<\/a><\/p>\n\n\n\n<hr class=\"wp-block-separator is-style-wide\"\/>\n\n\n\n<figure class=\"wp-block-image size-full is-resized\"><img loading=\"lazy\" decoding=\"async\" src=\"https:\/\/clunyportugal.com\/ppsjc\/wp-content\/uploads\/2021\/12\/Colegio-de-Sao-Francisco-Xavier-1-500x375-2.png\" alt=\"\" class=\"wp-image-1566\" width=\"200\" height=\"305\"\/><\/figure>\n\n\n\n<p class=\"has-black-color has-text-color\">Livro:<em><strong> Col\u00e9gio de S\u00e3o Francisco Xavier &#8211; 126 anos dedicados ao ensino nos A\u00e7ores<\/strong><\/em><br>Autor: Ana Rosa Costa<br>Tema: Col\u00e9gio de S\u00e3o Francisco Xavier<br>Tamanho: 23 \u00d7 16 \u00d7 2 cm<br>P\u00e1ginas: 188<br>ISBN: 978-989-735-251-5<br>Edi\u00e7\u00e3o: Letras Lavadas<br><strong>Adquirir<\/strong>:<br><a href=\"https:\/\/www.letraslavadas.pt\/produto-etiqueta\/colegio-de-sao-francisco-xavier\/\" target=\"_blank\" rel=\"noreferrer noopener\">Letras Lavadas<\/a><\/p>\n\n\n\n<hr class=\"wp-block-separator is-style-wide\"\/>\n\n\n\n<figure class=\"wp-block-image size-large is-resized\"><img loading=\"lazy\" decoding=\"async\" src=\"https:\/\/clunyportugal.com\/ppsjc\/wp-content\/uploads\/2021\/07\/novena.jpg\" alt=\"\" class=\"wp-image-1459\" width=\"244\" height=\"350\" srcset=\"https:\/\/clunyportugal.com\/ppsjc\/wp-content\/uploads\/2021\/07\/novena.jpg 490w, https:\/\/clunyportugal.com\/ppsjc\/wp-content\/uploads\/2021\/07\/novena-209x300.jpg 209w\" sizes=\"auto, (max-width: 244px) 100vw, 244px\" \/><\/figure>\n\n\n\n<p class=\"has-black-color has-text-color\">Livro:<em><strong> Novena \u00e0 beata Ana Maria Javouhey<\/strong><\/em><br>Autor: Maria Helena Moreno<br>Tema: Ana Maria Javouhey<br>Tamanho: 90&nbsp;x 128<br>P\u00e1ginas: 64<br>ISBN: 9789723021714<br>Edi\u00e7\u00e3o: Paulus<br><strong>Adquirir<\/strong>:<br><a rel=\"noreferrer noopener\" href=\"https:\/\/www.almedina.net\/novena-beata-ana-maria-javouhey-1594909299.html\" target=\"_blank\">Almedina<\/a><br><a rel=\"noreferrer noopener\" href=\"https:\/\/www.wook.pt\/livro\/novena-a-beata-ana-maria-javouhey-maria-helena-moreno\/24178406\" target=\"_blank\">Wook<\/a><br><a rel=\"noreferrer noopener\" href=\"https:\/\/www.bertrand.pt\/livro\/novena-a-beata-ana-maria-javouhey-maria-helena-moreno\/24178406\" target=\"_blank\">Bertrand<\/a><\/p>\n\n\n\n<hr class=\"wp-block-separator is-style-wide\"\/>\n\n\n\n<figure class=\"wp-block-image size-large\"><img loading=\"lazy\" decoding=\"async\" width=\"244\" height=\"350\" src=\"https:\/\/clunyportugal.com\/ppsjc\/wp-content\/uploads\/2021\/05\/livro_tracos-244x350-1.jpg\" alt=\"\" class=\"wp-image-1416\" srcset=\"https:\/\/clunyportugal.com\/ppsjc\/wp-content\/uploads\/2021\/05\/livro_tracos-244x350-1.jpg 244w, https:\/\/clunyportugal.com\/ppsjc\/wp-content\/uploads\/2021\/05\/livro_tracos-244x350-1-209x300.jpg 209w\" sizes=\"auto, (max-width: 244px) 100vw, 244px\" \/><\/figure>\n\n\n\n<p class=\"has-black-color has-text-color\">Livro:<em><strong> TERESA DE JESUS E ANA MARIA JAVOUHEY: Tra\u00e7os Paralelos<\/strong><\/em><br>Autor: Irm\u00e3s de S. Jos\u00e9 de Cluny da Prov\u00edncia de Espanha<br>Tema: Teresa de Jesus e Ana Maria Javouhey<br>Tamanho: 21&nbsp;x 14<br>P\u00e1ginas: 176<br>ISBN: 978-972-640-177-3&nbsp;&nbsp;&nbsp;<br>Edi\u00e7\u00e3o: Carmelo<br><a rel=\"noreferrer noopener\" href=\"http:\/\/www.carmelo.pt\/index.php?route=product\/product&amp;product_id=318\" target=\"_blank\"><strong>Adquirir<\/strong><\/a><\/p>\n\n\n\n<hr class=\"wp-block-separator is-style-wide\"\/>\n\n\n\n<figure class=\"wp-block-image size-large is-resized\"><img loading=\"lazy\" decoding=\"async\" src=\"https:\/\/clunyportugal.com\/ppsjc\/wp-content\/uploads\/2020\/10\/caminho_santidade.png\" alt=\"\" class=\"wp-image-1208\" width=\"249\" height=\"378\"\/><\/figure>\n\n\n\n<p class=\"has-black-color has-text-color\">Livro:<em><strong> Um Caminho de Santidade na Igreja<\/strong><\/em><br>Autor: Ir. Marie-Suzel G\u00e9rard<br>Tema: Ana Maria Javouhey<br>Edi\u00e7\u00e3o: Paulus<br><a rel=\"noreferrer noopener\" href=\"https:\/\/paulus.pt\/um-caminho-de-santidade-na-igreja\" target=\"_blank\"><strong>Adquirir<\/strong><\/a><\/p>\n\n\n\n<hr class=\"wp-block-separator is-style-wide\"\/>\n\n\n\n<figure class=\"wp-block-image size-large is-resized\"><img decoding=\"async\" src=\"https:\/\/clunyportugal.com\/ppsjc\/wp-content\/uploads\/2020\/03\/livro_A_Missionaria_audaciosa-722x1024.png\" alt=\"\" class=\"wp-image-606\" width=\"250\" srcset=\"https:\/\/clunyportugal.com\/ppsjc\/wp-content\/uploads\/2020\/03\/livro_A_Missionaria_audaciosa-722x1024.png 722w, https:\/\/clunyportugal.com\/ppsjc\/wp-content\/uploads\/2020\/03\/livro_A_Missionaria_audaciosa-212x300.png 212w, https:\/\/clunyportugal.com\/ppsjc\/wp-content\/uploads\/2020\/03\/livro_A_Missionaria_audaciosa-768x1089.png 768w, https:\/\/clunyportugal.com\/ppsjc\/wp-content\/uploads\/2020\/03\/livro_A_Missionaria_audaciosa-1083x1536.png 1083w, https:\/\/clunyportugal.com\/ppsjc\/wp-content\/uploads\/2020\/03\/livro_A_Missionaria_audaciosa.png 1198w\" sizes=\"(max-width: 722px) 100vw, 722px\" \/><\/figure>\n\n\n\n<p class=\"has-black-color has-text-color\">Livro:<em><strong> A Mission\u00e1ria Audaciosa<\/strong><\/em><br>Autor: Ir. Maria do Ros\u00e1rio Silva<br>Tema: Ana Maria Javouhey<br>N.\u00ba de p\u00e1ginas:&nbsp;80<br>Edi\u00e7\u00e3o: Paulus<br><a rel=\"noreferrer noopener\" aria-label=\"Adquirir (abre num novo separador)\" href=\"https:\/\/paulus.pt\/a-missionaria-audaciosa\" target=\"_blank\"><strong>Adquirir<\/strong><\/a><\/p>\n\n\n\n<hr class=\"wp-block-separator is-style-wide\"\/>\n\n\n\n<figure class=\"wp-block-image size-large is-resized\"><img decoding=\"async\" src=\"https:\/\/clunyportugal.com\/ppsjc\/wp-content\/uploads\/2020\/03\/1633_0_20190715122419_img_b.png\" alt=\"\" class=\"wp-image-610\" width=\"250\" srcset=\"https:\/\/clunyportugal.com\/ppsjc\/wp-content\/uploads\/2020\/03\/1633_0_20190715122419_img_b.png 628w, https:\/\/clunyportugal.com\/ppsjc\/wp-content\/uploads\/2020\/03\/1633_0_20190715122419_img_b-214x300.png 214w\" sizes=\"(max-width: 628px) 100vw, 628px\" \/><\/figure>\n\n\n\n<p class=\"has-black-color has-text-color\">Livro:<em><strong> Um Cora\u00e7\u00e3o sem Fronteiras<\/strong><\/em><br>Autor: George Auduc<br>Tema: Vida e obra da Bem-aventurada Ana Maria Javouhey<br>N.\u00ba de p\u00e1ginas:&nbsp;152<br>Edi\u00e7\u00e3o: Paulus<br><a rel=\"noreferrer noopener\" aria-label=\" (abre num novo separador)\" href=\"https:\/\/paulus.pt\/um-coracao-sem-fronteiras\" target=\"_blank\"><strong>Adquirir<\/strong><\/a><\/p>\n\n\n\n<hr class=\"wp-block-separator is-style-wide\"\/>\n\n\n\n<figure class=\"wp-block-image size-large is-resized\"><img decoding=\"async\" src=\"https:\/\/clunyportugal.com\/ppsjc\/wp-content\/uploads\/2020\/04\/seguimento.png\" alt=\"\" class=\"wp-image-881\" width=\"250\" srcset=\"https:\/\/clunyportugal.com\/ppsjc\/wp-content\/uploads\/2020\/04\/seguimento.png 374w, https:\/\/clunyportugal.com\/ppsjc\/wp-content\/uploads\/2020\/04\/seguimento-222x300.png 222w\" sizes=\"(max-width: 374px) 100vw, 374px\" \/><\/figure>\n\n\n\n<p class=\"has-black-color has-text-color\">Livro: <strong><em>No seguimento da Irm\u00e3 Mais Velha<\/em><\/strong><br>Aurtor: PPSJC<br>Tema: Biografias da Tr\u00eas Madres: Maria Teresa, Maria Jos\u00e9 e Ros\u00e1lia Javouhey<br>Edi\u00e7\u00e3o: PPSJC<\/p>\n\n\n\n<hr class=\"wp-block-separator is-style-wide\"\/>\n\n\n\n<figure class=\"wp-block-image size-large is-resized\"><img decoding=\"async\" src=\"https:\/\/clunyportugal.com\/ppsjc\/wp-content\/uploads\/2020\/03\/livro_sede_do_vosso_tempo-865x1024.png\" alt=\"\" class=\"wp-image-609\" width=\"250\" srcset=\"https:\/\/clunyportugal.com\/ppsjc\/wp-content\/uploads\/2020\/03\/livro_sede_do_vosso_tempo-865x1024.png 865w, https:\/\/clunyportugal.com\/ppsjc\/wp-content\/uploads\/2020\/03\/livro_sede_do_vosso_tempo-253x300.png 253w, https:\/\/clunyportugal.com\/ppsjc\/wp-content\/uploads\/2020\/03\/livro_sede_do_vosso_tempo-768x910.png 768w, https:\/\/clunyportugal.com\/ppsjc\/wp-content\/uploads\/2020\/03\/livro_sede_do_vosso_tempo-1297x1536.png 1297w, https:\/\/clunyportugal.com\/ppsjc\/wp-content\/uploads\/2020\/03\/livro_sede_do_vosso_tempo.png 1496w\" sizes=\"(max-width: 865px) 100vw, 865px\" \/><\/figure>\n\n\n\n<p class=\"has-black-color has-text-color\">Livro:<strong><em> Sede do Vosso Tempo<\/em><\/strong><br>Autor: CRSI &#8211; Col\u00e9gio Rainha Santa Isabel<br>Tema: Uma Vis\u00e3o sobre a Hist\u00f3ria, Arquitetura e Espa\u00e7o Escolar do CRSI<br>N.\u00ba de p\u00e1ginas: 124<br>Edi\u00e7\u00e3o: PPSJC &#8211; CRSI \/ 2018<\/p>\n\n\n\n<hr class=\"wp-block-separator is-style-wide\"\/>\n\n\n\n<figure class=\"wp-block-image size-large is-resized\"><img decoding=\"async\" src=\"https:\/\/clunyportugal.com\/ppsjc\/wp-content\/uploads\/2020\/03\/150.-Beata-Ana-Maria-Javouhey.jpg\" alt=\"\" class=\"wp-image-242\" width=\"250\" srcset=\"https:\/\/clunyportugal.com\/ppsjc\/wp-content\/uploads\/2020\/03\/150.-Beata-Ana-Maria-Javouhey.jpg 600w, https:\/\/clunyportugal.com\/ppsjc\/wp-content\/uploads\/2020\/03\/150.-Beata-Ana-Maria-Javouhey-231x300.jpg 231w\" sizes=\"(max-width: 600px) 100vw, 600px\" \/><\/figure>\n\n\n\n<p class=\"has-black-color has-text-color\">Livro:<em><strong> Beata Ana Maria Javouhey<\/strong><\/em><br>Breve Biografia Ilustrada<br>Autor: Editorial Miss\u00f5es<br>Tema: Um cora\u00e7\u00e3o \u00e0 dimens\u00e3o do mundo<br>Breve Biografia Ilustrada<br>Edi\u00e7\u00e3o: Editorial Miss\u00f5es<br><a rel=\"noreferrer noopener\" aria-label=\" (abre num novo separador)\" href=\"https:\/\/editorialmissoes.boanova.pt\/loja-online\/encomendar\" target=\"_blank\"><strong>Adquirir<\/strong><\/a><\/p>\n\n\n\n<hr class=\"wp-block-separator is-style-wide\"\/>\n\n\n\n<figure class=\"wp-block-image size-large is-resized\"><img loading=\"lazy\" decoding=\"async\" src=\"https:\/\/clunyportugal.com\/ppsjc\/wp-content\/uploads\/2020\/04\/livro_correspondencia-1.png\" alt=\"\" class=\"wp-image-878\" width=\"250\" height=\"370\"\/><\/figure>\n\n\n\n<p class=\"has-black-color has-text-color\">Livro: <strong><em>Correspond\u00eancia<\/em><\/strong><br>Aurtor: SJC com o Pref\u00e1cio do Cardeal Gantin<br>Tema: Ana Maria Javouhey: Correspond\u00eancia entre 1849 e 1851<br>Edi\u00e7\u00e3o: SJC<\/p>\n\n\n\n<hr class=\"wp-block-separator is-style-wide\"\/>\n\n\n\n<figure class=\"wp-block-image size-large is-resized\"><img decoding=\"async\" src=\"https:\/\/clunyportugal.com\/ppsjc\/wp-content\/uploads\/2020\/04\/uma_mulher_livre.png\" alt=\"\" class=\"wp-image-879\" width=\"250\" srcset=\"https:\/\/clunyportugal.com\/ppsjc\/wp-content\/uploads\/2020\/04\/uma_mulher_livre.png 353w, https:\/\/clunyportugal.com\/ppsjc\/wp-content\/uploads\/2020\/04\/uma_mulher_livre-198x300.png 198w\" sizes=\"(max-width: 353px) 100vw, 353px\" \/><\/figure>\n\n\n\n<p class=\"has-black-color has-text-color\">Livro: <strong><em>Uma Mulher Livre<\/em><\/strong><br>Aurtor: Prov\u00edncia Portuguesa das Irm\u00e3s de S. Jos\u00e9 de Cluny<br>Tema: Vida e obra da Bem-aventurada Ana Maria Javouhey<br>Edi\u00e7\u00e3o: SJC<\/p>\n\n\n\n<hr class=\"wp-block-separator is-style-wide\"\/>\n\n\n\n<figure class=\"wp-block-image size-large is-resized\"><img decoding=\"async\" src=\"https:\/\/clunyportugal.com\/ppsjc\/wp-content\/uploads\/2020\/04\/um_caminho_santidade.png\" alt=\"\" class=\"wp-image-880\" width=\"250\" srcset=\"https:\/\/clunyportugal.com\/ppsjc\/wp-content\/uploads\/2020\/04\/um_caminho_santidade.png 363w, https:\/\/clunyportugal.com\/ppsjc\/wp-content\/uploads\/2020\/04\/um_caminho_santidade-209x300.png 209w\" sizes=\"(max-width: 363px) 100vw, 363px\" \/><\/figure>\n\n\n\n<p class=\"has-black-color has-text-color\">Livro: <strong><em>Um Caminho de Santidade na Igreja<\/em><\/strong><br>Aurtor: Soeur Marie-Suzel GERARD<br>Tema: A Espiritualidade de Ana Maria Javouhey<br>Edi\u00e7\u00e3o: PPSJC \/ 2013<\/p>\n\n\n\n<hr class=\"wp-block-separator is-style-wide\"\/>\n\n\n\n<figure class=\"wp-block-image size-large is-resized\"><img decoding=\"async\" src=\"https:\/\/clunyportugal.com\/ppsjc\/wp-content\/uploads\/2020\/03\/ana_maria_um-coracao_sem_fronteiras_1_edicao-724x1024.png\" alt=\"\" class=\"wp-image-605\" width=\"250\" srcset=\"https:\/\/clunyportugal.com\/ppsjc\/wp-content\/uploads\/2020\/03\/ana_maria_um-coracao_sem_fronteiras_1_edicao-724x1024.png 724w, https:\/\/clunyportugal.com\/ppsjc\/wp-content\/uploads\/2020\/03\/ana_maria_um-coracao_sem_fronteiras_1_edicao-212x300.png 212w, https:\/\/clunyportugal.com\/ppsjc\/wp-content\/uploads\/2020\/03\/ana_maria_um-coracao_sem_fronteiras_1_edicao-768x1086.png 768w, https:\/\/clunyportugal.com\/ppsjc\/wp-content\/uploads\/2020\/03\/ana_maria_um-coracao_sem_fronteiras_1_edicao-1086x1536.png 1086w, https:\/\/clunyportugal.com\/ppsjc\/wp-content\/uploads\/2020\/03\/ana_maria_um-coracao_sem_fronteiras_1_edicao.png 1171w\" sizes=\"(max-width: 724px) 100vw, 724px\" \/><\/figure>\n\n\n\n<p class=\"has-black-color has-text-color\">Livro: <strong><em>Um Cora\u00e7\u00e3o Sem Fronteiras<\/em><\/strong><br>Aurtor: George Auduc<br>Tema: Vida e obra da Bem-aventurada Ana Maria Javouhey<br>&nbsp;N.\u00ba de p\u00e1ginas: 116<br>Edi\u00e7\u00e3o: PPSJC \/ 2013<\/p>\n\n\n\n<hr class=\"wp-block-separator is-style-wide\"\/>\n\n\n\n<figure class=\"wp-block-image size-large is-resized\"><img decoding=\"async\" src=\"https:\/\/clunyportugal.com\/ppsjc\/wp-content\/uploads\/2020\/03\/livro_historia_de_uma_grande_missionaria-659x1024.png\" alt=\"\" class=\"wp-image-607\" width=\"250\" srcset=\"https:\/\/clunyportugal.com\/ppsjc\/wp-content\/uploads\/2020\/03\/livro_historia_de_uma_grande_missionaria-659x1024.png 659w, https:\/\/clunyportugal.com\/ppsjc\/wp-content\/uploads\/2020\/03\/livro_historia_de_uma_grande_missionaria-193x300.png 193w, https:\/\/clunyportugal.com\/ppsjc\/wp-content\/uploads\/2020\/03\/livro_historia_de_uma_grande_missionaria-768x1193.png 768w, https:\/\/clunyportugal.com\/ppsjc\/wp-content\/uploads\/2020\/03\/livro_historia_de_uma_grande_missionaria-989x1536.png 989w, https:\/\/clunyportugal.com\/ppsjc\/wp-content\/uploads\/2020\/03\/livro_historia_de_uma_grande_missionaria.png 1269w\" sizes=\"(max-width: 659px) 100vw, 659px\" \/><\/figure>\n\n\n\n<p class=\"has-black-color has-text-color\">Livro: <strong><em>Hist\u00f3ria de uma grande mission\u00e1ria<\/em><\/strong><br>Aurtor: Agn\u00e8s Richomme<br>Tema: Hist\u00f3ria de uma grande mission\u00e1ria<br>N.\u00ba de p\u00e1ginas: 48<br>Edi\u00e7\u00e3o: SJC \/ 2000<\/p>\n\n\n\n<hr class=\"wp-block-separator is-style-wide\"\/>\n\n\n\n<figure class=\"wp-block-image size-large is-resized\"><img decoding=\"async\" src=\"https:\/\/clunyportugal.com\/ppsjc\/wp-content\/uploads\/2020\/03\/livro_oracoes_da_manha-722x1024.png\" alt=\"\" class=\"wp-image-608\" width=\"250\" srcset=\"https:\/\/clunyportugal.com\/ppsjc\/wp-content\/uploads\/2020\/03\/livro_oracoes_da_manha-722x1024.png 722w, https:\/\/clunyportugal.com\/ppsjc\/wp-content\/uploads\/2020\/03\/livro_oracoes_da_manha-211x300.png 211w, https:\/\/clunyportugal.com\/ppsjc\/wp-content\/uploads\/2020\/03\/livro_oracoes_da_manha-768x1090.png 768w, https:\/\/clunyportugal.com\/ppsjc\/wp-content\/uploads\/2020\/03\/livro_oracoes_da_manha-1083x1536.png 1083w, https:\/\/clunyportugal.com\/ppsjc\/wp-content\/uploads\/2020\/03\/livro_oracoes_da_manha.png 1165w\" sizes=\"(max-width: 722px) 100vw, 722px\" \/><\/figure>\n\n\n\n<p class=\"has-black-color has-text-color\">Livro:<strong><em> de Ora\u00e7\u00f5es da Manh\u00e3<\/em><\/strong><br>Autor: CRSI &#8211; Col\u00e9gio Rainha Santa Isabel<br>Tema: Ora\u00e7\u00f5es e Pensamentos<br>N.\u00ba de p\u00e1ginas: 124<br>Edi\u00e7\u00e3o: PPSJC &#8211; CRSI \/ 2012<\/p>\n\n\n\n<hr class=\"wp-block-separator is-style-wide\"\/>\n","protected":false},"excerpt":{"rendered":"<p>Bibliografias Livro: Manual de Ora\u00e7\u00f5esAutor: Prov\u00edncia Portuguesa das Irm\u00e3s de S. Jos\u00e9 de ClunyTema: Ora\u00e7\u00f5es, Salmos, Datas importantes e C\u00e2nticos \u00e0 Beata Ana Maria JavouheyTamanho: 15 \u00d7 10 \u00d7 1 cmP\u00e1ginas: 197Dep\u00f3sito legal: 488679\/21Impress\u00e3o e Acabamento: Escola Tipogr\u00e1fica das Miss\u00f5esEdi\u00e7\u00e3o: 2021Adquirir:Contacte-nos aqui Livro: Col\u00e9gio de S\u00e3o Francisco Xavier &#8211; 126 anos dedicados ao ensino nos [&hellip;]<\/p>\n<p class=\"more-link\"><a href=\"https:\/\/clunyportugal.com\/ppsjc\/livraria-amj\/\"  class=\"themebutton\">Read More<\/a><\/p>\n","protected":false},"author":1,"featured_media":576,"parent":0,"menu_order":0,"comment_status":"closed","ping_status":"closed","template":"","meta":{"footnotes":""},"categories":[35],"tags":[],"class_list":["post-603","page","type-page","status-publish","has-post-thumbnail","hentry","category-livraria"],"_links":{"self":[{"href":"https:\/\/clunyportugal.com\/ppsjc\/wp-json\/wp\/v2\/pages\/603","targetHints":{"allow":["GET"]}}],"collection":[{"href":"https:\/\/clunyportugal.com\/ppsjc\/wp-json\/wp\/v2\/pages"}],"about":[{"href":"https:\/\/clunyportugal.com\/ppsjc\/wp-json\/wp\/v2\/types\/page"}],"author":[{"embeddable":true,"href":"https:\/\/clunyportugal.com\/ppsjc\/wp-json\/wp\/v2\/users\/1"}],"replies":[{"embeddable":true,"href":"https:\/\/clunyportugal.com\/ppsjc\/wp-json\/wp\/v2\/comments?post=603"}],"version-history":[{"count":16,"href":"https:\/\/clunyportugal.com\/ppsjc\/wp-json\/wp\/v2\/pages\/603\/revisions"}],"predecessor-version":[{"id":1604,"href":"https:\/\/clunyportugal.com\/ppsjc\/wp-json\/wp\/v2\/pages\/603\/revisions\/1604"}],"wp:featuredmedia":[{"embeddable":true,"href":"https:\/\/clunyportugal.com\/ppsjc\/wp-json\/wp\/v2\/media\/576"}],"wp:attachment":[{"href":"https:\/\/clunyportugal.com\/ppsjc\/wp-json\/wp\/v2\/media?parent=603"}],"wp:term":[{"taxonomy":"category","embeddable":true,"href":"https:\/\/clunyportugal.com\/ppsjc\/wp-json\/wp\/v2\/categories?post=603"},{"taxonomy":"post_tag","embeddable":true,"href":"https:\/\/clunyportugal.com\/ppsjc\/wp-json\/wp\/v2\/tags?post=603"}],"curies":[{"name":"wp","href":"https:\/\/api.w.org\/{rel}","templated":true}]}}