{"id":59,"date":"2020-03-01T17:34:02","date_gmt":"2020-03-01T17:34:02","guid":{"rendered":"https:\/\/clunyportugal.com\/ppsjc\/?page_id=59"},"modified":"2020-03-03T00:14:28","modified_gmt":"2020-03-03T00:14:28","slug":"espiritualidade-e-missao-da-congregacao","status":"publish","type":"page","link":"https:\/\/clunyportugal.com\/ppsjc\/espiritualidade-e-missao-da-congregacao\/","title":{"rendered":"Espiritualidade e Miss\u00e3o da Congrega\u00e7\u00e3o"},"content":{"rendered":"\n<p style=\"background-color:#d7e4c0\" class=\"has-background has-drop-cap\">Conhecer a Vontade de Deus e cumpri-la foi a norma de pensamento e de ac\u00e7\u00e3o da Madre Fundadora, o segredo do equil\u00edbrio e da fecundidade da sua vida: \u201cFazer a vontade de Deus \u00e9 tudo! Portanto \u00e9 preciso v\u00ea-la em tudo, gostar de a cumprir e faz\u00ea-la amar\u201d.&nbsp;<\/p>\n\n\n\n<div class=\"wp-block-image is-style-default\"><figure class=\"aligncenter size-large\"><img loading=\"lazy\" decoding=\"async\" width=\"1024\" height=\"1024\" src=\"https:\/\/clunyportugal.com\/ppsjc\/wp-content\/uploads\/2020\/03\/11-1024x1024.jpg\" alt=\"\" class=\"wp-image-60\" srcset=\"https:\/\/clunyportugal.com\/ppsjc\/wp-content\/uploads\/2020\/03\/11-1024x1024.jpg 1024w, https:\/\/clunyportugal.com\/ppsjc\/wp-content\/uploads\/2020\/03\/11-300x300.jpg 300w, https:\/\/clunyportugal.com\/ppsjc\/wp-content\/uploads\/2020\/03\/11-150x150.jpg 150w, https:\/\/clunyportugal.com\/ppsjc\/wp-content\/uploads\/2020\/03\/11-768x768.jpg 768w, https:\/\/clunyportugal.com\/ppsjc\/wp-content\/uploads\/2020\/03\/11-53x53.jpg 53w, https:\/\/clunyportugal.com\/ppsjc\/wp-content\/uploads\/2020\/03\/11-570x570.jpg 570w, https:\/\/clunyportugal.com\/ppsjc\/wp-content\/uploads\/2020\/03\/11-380x380.jpg 380w, https:\/\/clunyportugal.com\/ppsjc\/wp-content\/uploads\/2020\/03\/11-285x285.jpg 285w, https:\/\/clunyportugal.com\/ppsjc\/wp-content\/uploads\/2020\/03\/11.jpg 1080w\" sizes=\"auto, (max-width: 1024px) 100vw, 1024px\" \/><\/figure><\/div>\n\n\n\n<p>Toda a Vida de Cristo nos revela que Ele \u00e9 o Enviado do Pai: \u201cEis que vim para fazer a Tua Vontade\u201d. As Suas palavras e ac\u00e7\u00f5es reflectem o seu anseio constante: fazer a Vontade do Pai e dar-lhe, em tudo, provas de depend\u00eancia filial. Assim, a Irm\u00e3 de S. Jos\u00e9 de Cluny, ao aderir a Cristo seguindo o Seu chamamento, participa na Miss\u00e3o de Jesus, que quer que todos os homens se salvem.<\/p>\n\n\n\n<p>No seguimento de Jesus e para cumprir a Sua miss\u00e3o, as Irm\u00e3s de S. Jos\u00e9 de Cluny procuram:<\/p>\n\n\n\n<p>&#8211; Renovar-se sem cessar numa total disponibilidade ao Esp\u00edrito Santo, pedindo-Lhe que as guie e assemelhe a Jesus.<\/p>\n\n\n\n<p>&#8211; Agir na convic\u00e7\u00e3o de que a sua ac\u00e7\u00e3o s\u00f3 por si \u00e9 incapaz de qualquer efic\u00e1cia apost\u00f3lica, motivando-se assim, a deixarem-se possuir e transformar por Cristo, que continua nelas, a Sua pr\u00f3pria vida.&nbsp;<\/p>\n\n\n\n<p>&#8211; Manter o verdadeiro esp\u00edrito mission\u00e1rio atrav\u00e9s de uma f\u00e9 viva no Esp\u00edrito Santo que actua em todos os homens\u2026 e da caridade que transborda do Cora\u00e7\u00e3o do Senhor.<\/p>\n\n\n\n<p>&#8211; Ser dispon\u00edveis e fraternas, impondo-se uma corajosa e s\u00e3 adapta\u00e7\u00e3o \u00e0s diferentes condi\u00e7\u00f5es sociais e culturais, na reciprocidade do dom e do acolhimento, procurando conhecer aqueles a quem s\u00e3o enviadas e deixando-se enriquecer pelos seus valores aut\u00eanticos.&nbsp;<\/p>\n\n\n\n<p>&#8211; Viver a miss\u00e3o, convictas de que \u201c\u00c9 a Obra de Deus\u201d que realizam tal como dizia a Fundadora, bem conscientes da sua participa\u00e7\u00e3o na miss\u00e3o evangelizadora da Igreja. Isto pressup\u00f5e uma grande f\u00e9 na perman\u00eancia dos apelos do Esp\u00edrito Santo que as compromete a prosseguir hoje a tarefa ontem come\u00e7ada.<\/p>\n\n\n\n<p>&#8211; P\u00f4r ao servi\u00e7o as for\u00e7as e riquezas de cada uma, trabalhando num esp\u00edrito de verdadeira colabora\u00e7\u00e3o, unidas na mesma fidelidade \u00e0 Vontade de Deus.<\/p>\n\n\n\n<p>&#8211; Renovar diariamente a ades\u00e3o a Cristo na ora\u00e7\u00e3o pessoal e na Eucaristia, intensificando assim o desejo de proclamar a Boa Nova com a coragem de a falar e testemunhar atrav\u00e9s da sua simples presen\u00e7a.<\/p>\n\n\n\n<p>&#8211; Agir conscientes que a miss\u00e3o n\u00e3o se limita \u00e0s actividades apost\u00f3licas, mas que se realiza em toda a vida, mediante a fidelidade \u00e0s exig\u00eancias da consagra\u00e7\u00e3o, da vida comunit\u00e1ria, da ora\u00e7\u00e3o, do sofrimento\u2026 Tudo \u00e9 testemunho, tudo \u00e9 an\u00fancio de Cristo Senhor.<\/p>\n\n\n\n<p>&#8211; Fazer a unidade de vida, comungando da miss\u00e3o de Cristo Salvador:<\/p>\n\n\n\n<p>Nas tarefas de cada dia que, sendo doa\u00e7\u00e3o e servi\u00e7o, s\u00e3o testemunho de Deus<br>Nos contactos pessoais, descobrindo em cada um uma presen\u00e7a de Deus<br>Nas preocupa\u00e7\u00f5es de um mundo carregado de inquieta\u00e7\u00f5es e anseios<br>Na firme esperan\u00e7a de que pela cruz se chega \u00e0 gl\u00f3ria do Reino de Deus.<\/p>\n\n\n\n<p>&#8211; Imitar Jesus, dando as suas vidas at\u00e9 ao fim, para libertar, educar, evangelizar, o que pressup\u00f5e uma intensa vida de ora\u00e7\u00e3o, comunit\u00e1ria e apost\u00f3lica.<\/p>\n","protected":false},"excerpt":{"rendered":"<p>Conhecer a Vontade de Deus e cumpri-la foi a norma de pensamento e de ac\u00e7\u00e3o da Madre Fundadora, o segredo do equil\u00edbrio e da fecundidade da sua vida: \u201cFazer a vontade de Deus \u00e9 tudo! Portanto \u00e9 preciso v\u00ea-la em tudo, gostar de a cumprir e faz\u00ea-la amar\u201d.&nbsp; Toda a Vida de Cristo nos revela [&hellip;]<\/p>\n<p class=\"more-link\"><a href=\"https:\/\/clunyportugal.com\/ppsjc\/espiritualidade-e-missao-da-congregacao\/\"  class=\"themebutton\">Read More<\/a><\/p>\n","protected":false},"author":1,"featured_media":60,"parent":0,"menu_order":0,"comment_status":"closed","ping_status":"closed","template":"","meta":{"footnotes":""},"categories":[6],"tags":[],"class_list":["post-59","page","type-page","status-publish","has-post-thumbnail","hentry","category-missao"],"_links":{"self":[{"href":"https:\/\/clunyportugal.com\/ppsjc\/wp-json\/wp\/v2\/pages\/59","targetHints":{"allow":["GET"]}}],"collection":[{"href":"https:\/\/clunyportugal.com\/ppsjc\/wp-json\/wp\/v2\/pages"}],"about":[{"href":"https:\/\/clunyportugal.com\/ppsjc\/wp-json\/wp\/v2\/types\/page"}],"author":[{"embeddable":true,"href":"https:\/\/clunyportugal.com\/ppsjc\/wp-json\/wp\/v2\/users\/1"}],"replies":[{"embeddable":true,"href":"https:\/\/clunyportugal.com\/ppsjc\/wp-json\/wp\/v2\/comments?post=59"}],"version-history":[{"count":13,"href":"https:\/\/clunyportugal.com\/ppsjc\/wp-json\/wp\/v2\/pages\/59\/revisions"}],"predecessor-version":[{"id":591,"href":"https:\/\/clunyportugal.com\/ppsjc\/wp-json\/wp\/v2\/pages\/59\/revisions\/591"}],"wp:featuredmedia":[{"embeddable":true,"href":"https:\/\/clunyportugal.com\/ppsjc\/wp-json\/wp\/v2\/media\/60"}],"wp:attachment":[{"href":"https:\/\/clunyportugal.com\/ppsjc\/wp-json\/wp\/v2\/media?parent=59"}],"wp:term":[{"taxonomy":"category","embeddable":true,"href":"https:\/\/clunyportugal.com\/ppsjc\/wp-json\/wp\/v2\/categories?post=59"},{"taxonomy":"post_tag","embeddable":true,"href":"https:\/\/clunyportugal.com\/ppsjc\/wp-json\/wp\/v2\/tags?post=59"}],"curies":[{"name":"wp","href":"https:\/\/api.w.org\/{rel}","templated":true}]}}