{"id":420,"date":"2020-03-02T19:12:22","date_gmt":"2020-03-02T19:12:22","guid":{"rendered":"https:\/\/clunyportugal.com\/ppsjc\/?page_id=420"},"modified":"2025-05-27T09:07:38","modified_gmt":"2025-05-27T09:07:38","slug":"cbei-centro-de-bem-estar-infantil-de-alcobaca","status":"publish","type":"page","link":"https:\/\/clunyportugal.com\/ppsjc\/cbei-centro-de-bem-estar-infantil-de-alcobaca\/","title":{"rendered":"CBEI &#8211; Centro de Bem Estar Infantil de Alcoba\u00e7a"},"content":{"rendered":"\n<p class=\"has-black-color has-text-color has-medium-font-size\"><strong>Relat\u00f3rio e Contas 2024<\/strong><\/p>\n\n\n\n<p><a href=\"https:\/\/clunyportugal.com\/ppsjc\/wp-content\/uploads\/2025\/05\/CBEIA_demonstracoes.pdf\" target=\"_blank\" rel=\"noreferrer noopener\">Demonstra\u00e7\u00e3o de Resultados por Natureza<\/a><\/p>\n\n\n\n<p><a href=\"https:\/\/clunyportugal.com\/ppsjc\/wp-content\/uploads\/2025\/05\/CBEIA_alcobaca_balanco.pdf\" target=\"_blank\" rel=\"noreferrer noopener\"><span style=\"caret-color: rgb(30, 135, 240);\">Balan\u00e7<\/span>o<\/a><\/p>\n\n\n\n<p><a href=\"https:\/\/clunyportugal.com\/ppsjc\/wp-content\/uploads\/2025\/05\/CBEIA_fluxocaixa.pdf\" target=\"_blank\" rel=\"noreferrer noopener\">Demonstra\u00e7\u00e3o dos Fluxos de Caixa<\/a><\/p>\n\n\n\n<p><a href=\"https:\/\/clunyportugal.com\/ppsjc\/wp-content\/uploads\/2025\/05\/CBEIA.pdf\" target=\"_blank\" rel=\"noreferrer noopener\">Anexo<\/a><\/p>\n\n\n\n<p class=\"has-black-color has-text-color has-medium-font-size\"><strong>Relat\u00f3rio e Contas 2023<\/strong><\/p>\n\n\n\n<p><a href=\"https:\/\/clunyportugal.com\/ppsjc\/wp-content\/uploads\/2024\/05\/CBEIA_RELATORIOS_2023.pdf\" target=\"_blank\" rel=\"noreferrer noopener\">Relat\u00f3rio e Contas<\/a><\/p>\n\n\n\n<p><a href=\"https:\/\/clunyportugal.com\/ppsjc\/wp-content\/uploads\/2024\/05\/CBEIA_contas_assin_balanco.pdf\"><span style=\"caret-color: rgb(30, 135, 240);\">Balan\u00e7<\/span>o em 31 de dezembro de 2023<\/a><\/p>\n\n\n\n<p><a href=\"https:\/\/clunyportugal.com\/ppsjc\/wp-content\/uploads\/2024\/05\/CBEIA_contas_assin_balancete.pdf\" target=\"_blank\" rel=\"noreferrer noopener\">Balancete<\/a><\/p>\n\n\n\n<p><a href=\"https:\/\/clunyportugal.com\/ppsjc\/wp-content\/uploads\/2024\/05\/CBEIA_ALCOBACA_ASSN_BALANCETE.pdf\" target=\"_blank\" rel=\"noreferrer noopener\">Balancete (assinado)<\/a><\/p>\n\n\n\n<p><a href=\"https:\/\/clunyportugal.com\/ppsjc\/wp-content\/uploads\/2024\/05\/CBEIA_ASSIN_DEM_RESULTADOS.pdf\" target=\"_blank\" rel=\"noreferrer noopener\">Demonstra\u00e7\u00e3o de resultados por fun\u00e7\u00f5es<\/a><\/p>\n\n\n\n<p><a href=\"http:\/\/www.crsi.pt\/wp-content\/uploads\/2024\/05\/CBEIA_CONTAS_ASSINADAS_ANEXO.pdf\" target=\"_blank\" rel=\"noreferrer noopener\">Anexo<\/a><\/p>\n\n\n\n<p class=\"has-black-color has-text-color has-medium-font-size\"><strong>Relat\u00f3rio e Contas 2022<\/strong><\/p>\n\n\n\n<p><a href=\"https:\/\/clunyportugal.com\/ppsjc\/wp-content\/uploads\/2023\/05\/CBEI_alcobaca_2022.pdf\" target=\"_blank\" rel=\"noreferrer noopener\">Demonstra\u00e7\u00f5es Financeiras<\/a><\/p>\n\n\n\n<p class=\"has-black-color has-text-color has-medium-font-size\"><strong>Relat\u00f3rio e Contas 2021<\/strong><\/p>\n\n\n\n<p><a href=\"https:\/\/clunyportugal.com\/ppsjc\/wp-content\/uploads\/2024\/01\/CBEI_Alcobaca_2021-compactado.pdf\" target=\"_blank\" rel=\"noreferrer noopener\">Demonstra\u00e7\u00f5es Financeiras<\/a><\/p>\n\n\n\n<p class=\"has-black-color has-text-color has-medium-font-size\"><strong>Relat\u00f3rio e Contas 2020<\/strong><\/p>\n\n\n\n<p><a href=\"https:\/\/clunyportugal.com\/ppsjc\/wp-content\/uploads\/2021\/07\/contas_alcobaca_2020.pdf\" target=\"_blank\" rel=\"noreferrer noopener\">Demonstra\u00e7\u00f5es Financeiras<\/a><br><a href=\"https:\/\/clunyportugal.com\/ppsjc\/wp-content\/uploads\/2021\/07\/anexo_balanco_2020_alcobaca.pdf\" target=\"_blank\" rel=\"noreferrer noopener\">Anexos<\/a><\/p>\n\n\n\n<p class=\"has-black-color has-text-color has-medium-font-size\"><strong>Relat\u00f3rio e Contas 2019<\/strong><\/p>\n\n\n\n<p><a href=\"https:\/\/clunyportugal.com\/ppsjc\/wp-content\/uploads\/2020\/09\/CBEI_alcobbaca_demonstracoes_19.pdf\" target=\"_blank\" rel=\"noreferrer noopener\">Demonstra\u00e7\u00f5es Financeiras<\/a><\/p>\n\n\n\n<p class=\"has-black-color has-text-color has-medium-font-size\"><strong>Relat\u00f3rio e Contas 2018<\/strong><\/p>\n\n\n\n<p><a rel=\"noreferrer noopener\" aria-label=\"Demonstra\u00e7\u00f5es Financeiras (abre num novo separador)\" href=\"https:\/\/clunyportugal.com\/ppsjc\/wp-content\/uploads\/2020\/03\/alcobaca_2018.pdf\" target=\"_blank\">Demonstra\u00e7\u00f5es Financeiras<\/a><\/p>\n\n\n\n<p class=\"has-black-color has-text-color has-medium-font-size\"><strong>Relat\u00f3rio e Contas 2017<\/strong><\/p>\n\n\n\n<p><a href=\"https:\/\/clunyportugal.com\/ppsjc\/wp-content\/uploads\/2020\/03\/contas_alcobaca_2017.pdf\" target=\"_blank\" rel=\"noreferrer noopener\" aria-label=\"Demonstra\u00e7\u00f5es Financeiras (abre num novo separador)\">Demonstra\u00e7\u00f5es Financeiras<\/a><br><a href=\"https:\/\/clunyportugal.com\/ppsjc\/wp-content\/uploads\/2020\/03\/contas_alcobaca_anexo_2017.pdf\" target=\"_blank\" rel=\"noreferrer noopener\" aria-label=\"Anexos (abre num novo separador)\">Anexos<\/a><\/p>\n\n\n\n<p class=\"has-black-color has-text-color has-medium-font-size\"><strong>Relat\u00f3rio e Contas 2016<\/strong><\/p>\n\n\n\n<p><a href=\"https:\/\/clunyportugal.com\/ppsjc\/wp-content\/uploads\/2020\/03\/alcobaca_anexo_2016.pdf\" target=\"_blank\" rel=\"noreferrer noopener\" aria-label=\"Relat\u00f3rio e Parecer (abre num novo separador)\">Relat\u00f3rio e Parecer<\/a><br><a href=\"https:\/\/clunyportugal.com\/ppsjc\/wp-content\/uploads\/2020\/03\/alcobaca_balanco_2016.pdf\" target=\"_blank\" rel=\"noreferrer noopener\" aria-label=\"Balan\u00e7o do Exerc\u00edcio (abre num novo separador)\">Balan\u00e7o do Exerc\u00edcio<\/a><\/p>\n\n\n\n<p class=\"has-black-color has-text-color has-medium-font-size\"><strong>Relat\u00f3rio e Contas 2015<\/strong><\/p>\n\n\n\n<p><a href=\"https:\/\/clunyportugal.com\/ppsjc\/wp-content\/uploads\/2020\/03\/relatorio_cbei_2015.pdf\" target=\"_blank\" rel=\"noreferrer noopener\" aria-label=\"Relat\u00f3rio e Parecer (abre num novo separador)\">Relat\u00f3rio e Parecer<\/a><br><a href=\"https:\/\/clunyportugal.com\/ppsjc\/wp-content\/uploads\/2020\/03\/balanco_cbei_2015.pdf\" target=\"_blank\" rel=\"noreferrer noopener\" aria-label=\"Balan\u00e7o do Exerc\u00edcio (abre num novo separador)\">Balan\u00e7o do Exerc\u00edcio<\/a><\/p>\n","protected":false},"excerpt":{"rendered":"<p>Relat\u00f3rio e Contas 2024 Demonstra\u00e7\u00e3o de Resultados por Natureza Balan\u00e7o Demonstra\u00e7\u00e3o dos Fluxos de Caixa Anexo Relat\u00f3rio e Contas 2023 Relat\u00f3rio e Contas Balan\u00e7o em 31 de dezembro de 2023 Balancete Balancete (assinado) Demonstra\u00e7\u00e3o de resultados por fun\u00e7\u00f5es Anexo Relat\u00f3rio e Contas 2022 Demonstra\u00e7\u00f5es Financeiras Relat\u00f3rio e Contas 2021 Demonstra\u00e7\u00f5es Financeiras Relat\u00f3rio e Contas 2020 [&hellip;]<\/p>\n<p class=\"more-link\"><a href=\"https:\/\/clunyportugal.com\/ppsjc\/cbei-centro-de-bem-estar-infantil-de-alcobaca\/\"  class=\"themebutton\">Read More<\/a><\/p>\n","protected":false},"author":1,"featured_media":426,"parent":0,"menu_order":0,"comment_status":"closed","ping_status":"closed","template":"","meta":{"footnotes":""},"categories":[13],"tags":[],"class_list":["post-420","page","type-page","status-publish","has-post-thumbnail","hentry","category-ipss"],"_links":{"self":[{"href":"https:\/\/clunyportugal.com\/ppsjc\/wp-json\/wp\/v2\/pages\/420","targetHints":{"allow":["GET"]}}],"collection":[{"href":"https:\/\/clunyportugal.com\/ppsjc\/wp-json\/wp\/v2\/pages"}],"about":[{"href":"https:\/\/clunyportugal.com\/ppsjc\/wp-json\/wp\/v2\/types\/page"}],"author":[{"embeddable":true,"href":"https:\/\/clunyportugal.com\/ppsjc\/wp-json\/wp\/v2\/users\/1"}],"replies":[{"embeddable":true,"href":"https:\/\/clunyportugal.com\/ppsjc\/wp-json\/wp\/v2\/comments?post=420"}],"version-history":[{"count":17,"href":"https:\/\/clunyportugal.com\/ppsjc\/wp-json\/wp\/v2\/pages\/420\/revisions"}],"predecessor-version":[{"id":2228,"href":"https:\/\/clunyportugal.com\/ppsjc\/wp-json\/wp\/v2\/pages\/420\/revisions\/2228"}],"wp:featuredmedia":[{"embeddable":true,"href":"https:\/\/clunyportugal.com\/ppsjc\/wp-json\/wp\/v2\/media\/426"}],"wp:attachment":[{"href":"https:\/\/clunyportugal.com\/ppsjc\/wp-json\/wp\/v2\/media?parent=420"}],"wp:term":[{"taxonomy":"category","embeddable":true,"href":"https:\/\/clunyportugal.com\/ppsjc\/wp-json\/wp\/v2\/categories?post=420"},{"taxonomy":"post_tag","embeddable":true,"href":"https:\/\/clunyportugal.com\/ppsjc\/wp-json\/wp\/v2\/tags?post=420"}],"curies":[{"name":"wp","href":"https:\/\/api.w.org\/{rel}","templated":true}]}}