{"id":186,"date":"2020-03-01T21:16:05","date_gmt":"2020-03-01T21:16:05","guid":{"rendered":"https:\/\/clunyportugal.com\/ppsjc\/?page_id=186"},"modified":"2020-03-09T23:10:06","modified_gmt":"2020-03-09T23:10:06","slug":"associados-de-s-jose-de-cluny","status":"publish","type":"page","link":"https:\/\/clunyportugal.com\/ppsjc\/associados-de-s-jose-de-cluny\/","title":{"rendered":"Associados de S. Jos\u00e9 de Cluny"},"content":{"rendered":"\n<figure class=\"wp-block-gallery aligncenter columns-3 is-cropped wp-block-gallery-1 is-layout-flex wp-block-gallery-is-layout-flex\"><ul class=\"blocks-gallery-grid\"><li class=\"blocks-gallery-item\"><figure><img loading=\"lazy\" decoding=\"async\" width=\"450\" height=\"338\" src=\"https:\/\/clunyportugal.com\/ppsjc\/wp-content\/uploads\/2020\/03\/alcobaca1.png\" alt=\"\" data-id=\"187\" data-full-url=\"https:\/\/clunyportugal.com\/ppsjc\/wp-content\/uploads\/2020\/03\/alcobaca1.png\" data-link=\"https:\/\/clunyportugal.com\/ppsjc\/?attachment_id=187#main\" class=\"wp-image-187\" srcset=\"https:\/\/clunyportugal.com\/ppsjc\/wp-content\/uploads\/2020\/03\/alcobaca1.png 450w, https:\/\/clunyportugal.com\/ppsjc\/wp-content\/uploads\/2020\/03\/alcobaca1-300x225.png 300w, https:\/\/clunyportugal.com\/ppsjc\/wp-content\/uploads\/2020\/03\/alcobaca1-380x285.png 380w, https:\/\/clunyportugal.com\/ppsjc\/wp-content\/uploads\/2020\/03\/alcobaca1-285x214.png 285w\" sizes=\"auto, (max-width: 450px) 100vw, 450px\" \/><\/figure><\/li><li class=\"blocks-gallery-item\"><figure><img loading=\"lazy\" decoding=\"async\" width=\"450\" height=\"338\" src=\"https:\/\/clunyportugal.com\/ppsjc\/wp-content\/uploads\/2020\/03\/arronches1.png\" alt=\"\" data-id=\"189\" data-full-url=\"https:\/\/clunyportugal.com\/ppsjc\/wp-content\/uploads\/2020\/03\/arronches1.png\" data-link=\"https:\/\/clunyportugal.com\/ppsjc\/?attachment_id=189#main\" class=\"wp-image-189\" srcset=\"https:\/\/clunyportugal.com\/ppsjc\/wp-content\/uploads\/2020\/03\/arronches1.png 450w, https:\/\/clunyportugal.com\/ppsjc\/wp-content\/uploads\/2020\/03\/arronches1-300x225.png 300w, https:\/\/clunyportugal.com\/ppsjc\/wp-content\/uploads\/2020\/03\/arronches1-380x285.png 380w, https:\/\/clunyportugal.com\/ppsjc\/wp-content\/uploads\/2020\/03\/arronches1-285x214.png 285w\" sizes=\"auto, (max-width: 450px) 100vw, 450px\" \/><\/figure><\/li><li class=\"blocks-gallery-item\"><figure><img loading=\"lazy\" decoding=\"async\" width=\"450\" height=\"338\" src=\"https:\/\/clunyportugal.com\/ppsjc\/wp-content\/uploads\/2020\/03\/arronches2.png\" alt=\"\" data-id=\"190\" data-full-url=\"https:\/\/clunyportugal.com\/ppsjc\/wp-content\/uploads\/2020\/03\/arronches2.png\" data-link=\"https:\/\/clunyportugal.com\/ppsjc\/?attachment_id=190#main\" class=\"wp-image-190\" srcset=\"https:\/\/clunyportugal.com\/ppsjc\/wp-content\/uploads\/2020\/03\/arronches2.png 450w, https:\/\/clunyportugal.com\/ppsjc\/wp-content\/uploads\/2020\/03\/arronches2-300x225.png 300w, https:\/\/clunyportugal.com\/ppsjc\/wp-content\/uploads\/2020\/03\/arronches2-380x285.png 380w, https:\/\/clunyportugal.com\/ppsjc\/wp-content\/uploads\/2020\/03\/arronches2-285x214.png 285w\" sizes=\"auto, (max-width: 450px) 100vw, 450px\" \/><\/figure><\/li><li class=\"blocks-gallery-item\"><figure><img loading=\"lazy\" decoding=\"async\" width=\"500\" height=\"380\" src=\"https:\/\/clunyportugal.com\/ppsjc\/wp-content\/uploads\/2020\/03\/associados_1.png\" alt=\"\" data-id=\"191\" data-full-url=\"https:\/\/clunyportugal.com\/ppsjc\/wp-content\/uploads\/2020\/03\/associados_1.png\" data-link=\"https:\/\/clunyportugal.com\/ppsjc\/?attachment_id=191#main\" class=\"wp-image-191\" srcset=\"https:\/\/clunyportugal.com\/ppsjc\/wp-content\/uploads\/2020\/03\/associados_1.png 500w, https:\/\/clunyportugal.com\/ppsjc\/wp-content\/uploads\/2020\/03\/associados_1-300x228.png 300w\" sizes=\"auto, (max-width: 500px) 100vw, 500px\" \/><\/figure><\/li><li class=\"blocks-gallery-item\"><figure><img loading=\"lazy\" decoding=\"async\" width=\"500\" height=\"375\" src=\"https:\/\/clunyportugal.com\/ppsjc\/wp-content\/uploads\/2020\/03\/associados_2.png\" alt=\"\" data-id=\"192\" data-full-url=\"https:\/\/clunyportugal.com\/ppsjc\/wp-content\/uploads\/2020\/03\/associados_2.png\" data-link=\"https:\/\/clunyportugal.com\/ppsjc\/?attachment_id=192#main\" class=\"wp-image-192\" srcset=\"https:\/\/clunyportugal.com\/ppsjc\/wp-content\/uploads\/2020\/03\/associados_2.png 500w, https:\/\/clunyportugal.com\/ppsjc\/wp-content\/uploads\/2020\/03\/associados_2-300x225.png 300w, https:\/\/clunyportugal.com\/ppsjc\/wp-content\/uploads\/2020\/03\/associados_2-380x285.png 380w, https:\/\/clunyportugal.com\/ppsjc\/wp-content\/uploads\/2020\/03\/associados_2-285x214.png 285w\" sizes=\"auto, (max-width: 500px) 100vw, 500px\" \/><\/figure><\/li><li class=\"blocks-gallery-item\"><figure><img loading=\"lazy\" decoding=\"async\" width=\"500\" height=\"380\" src=\"https:\/\/clunyportugal.com\/ppsjc\/wp-content\/uploads\/2020\/03\/associados_3.png\" alt=\"\" data-id=\"193\" data-full-url=\"https:\/\/clunyportugal.com\/ppsjc\/wp-content\/uploads\/2020\/03\/associados_3.png\" data-link=\"https:\/\/clunyportugal.com\/ppsjc\/?attachment_id=193#main\" class=\"wp-image-193\" srcset=\"https:\/\/clunyportugal.com\/ppsjc\/wp-content\/uploads\/2020\/03\/associados_3.png 500w, https:\/\/clunyportugal.com\/ppsjc\/wp-content\/uploads\/2020\/03\/associados_3-300x228.png 300w\" sizes=\"auto, (max-width: 500px) 100vw, 500px\" \/><\/figure><\/li><li class=\"blocks-gallery-item\"><figure><img loading=\"lazy\" decoding=\"async\" width=\"500\" height=\"380\" src=\"https:\/\/clunyportugal.com\/ppsjc\/wp-content\/uploads\/2020\/03\/associados_4.png\" alt=\"\" data-id=\"194\" data-full-url=\"https:\/\/clunyportugal.com\/ppsjc\/wp-content\/uploads\/2020\/03\/associados_4.png\" data-link=\"https:\/\/clunyportugal.com\/ppsjc\/?attachment_id=194#main\" class=\"wp-image-194\" srcset=\"https:\/\/clunyportugal.com\/ppsjc\/wp-content\/uploads\/2020\/03\/associados_4.png 500w, https:\/\/clunyportugal.com\/ppsjc\/wp-content\/uploads\/2020\/03\/associados_4-300x228.png 300w\" sizes=\"auto, (max-width: 500px) 100vw, 500px\" \/><\/figure><\/li><li class=\"blocks-gallery-item\"><figure><img loading=\"lazy\" decoding=\"async\" width=\"740\" height=\"215\" src=\"https:\/\/clunyportugal.com\/ppsjc\/wp-content\/uploads\/2020\/03\/associados_alcobaca13.png\" alt=\"\" data-id=\"195\" data-full-url=\"https:\/\/clunyportugal.com\/ppsjc\/wp-content\/uploads\/2020\/03\/associados_alcobaca13.png\" data-link=\"https:\/\/clunyportugal.com\/ppsjc\/?attachment_id=195#main\" class=\"wp-image-195\" srcset=\"https:\/\/clunyportugal.com\/ppsjc\/wp-content\/uploads\/2020\/03\/associados_alcobaca13.png 740w, https:\/\/clunyportugal.com\/ppsjc\/wp-content\/uploads\/2020\/03\/associados_alcobaca13-300x87.png 300w\" sizes=\"auto, (max-width: 740px) 100vw, 740px\" \/><\/figure><\/li><li class=\"blocks-gallery-item\"><figure><img loading=\"lazy\" decoding=\"async\" width=\"740\" height=\"215\" src=\"https:\/\/clunyportugal.com\/ppsjc\/wp-content\/uploads\/2020\/03\/banner_associados_2012.png\" alt=\"\" data-id=\"196\" data-full-url=\"https:\/\/clunyportugal.com\/ppsjc\/wp-content\/uploads\/2020\/03\/banner_associados_2012.png\" data-link=\"https:\/\/clunyportugal.com\/ppsjc\/?attachment_id=196#main\" class=\"wp-image-196\" srcset=\"https:\/\/clunyportugal.com\/ppsjc\/wp-content\/uploads\/2020\/03\/banner_associados_2012.png 740w, https:\/\/clunyportugal.com\/ppsjc\/wp-content\/uploads\/2020\/03\/banner_associados_2012-300x87.png 300w\" sizes=\"auto, (max-width: 740px) 100vw, 740px\" \/><\/figure><\/li><\/ul><figcaption class=\"blocks-gallery-caption\">Associados Cluny<\/figcaption><\/figure>\n\n\n\n<p><strong>Um projecto &#8211; Porqu\u00ea?<\/strong><br>Todos somos chamados \u00e0 Santidade. (Vaticano II)<br>Na Enc\u00edclica &#8220;Christi fideles laici&#8221;, Jo\u00e3o Paulo II lan\u00e7a um apelo para que seja dado aos leigos o lugar que lhes compete na Igreja.<br><br>As Irm\u00e3s de S. Jos\u00e9 de Cluny, t\u00eam a consci\u00eancia de ter uma heran\u00e7a espiritual a partilhar, um caminho de santidade legado pela sua Fundadora Ana Maria Javouhey.<br><br>O Carisma de Ana Maria Javouhey foi-lhe dado para a Igreja. H\u00e1 leigos seduzidos pela personalidade e espiritualidade da Madre Javouhey e pela miss\u00e3o universal da Congrega\u00e7\u00e3o<br><br>Uma nova energia para a Evangeliza\u00e7\u00e3o de todos os meios \u00e9 assim oferecida \u00e0 Igreja.<br><br><strong>Quem s\u00e3o os Associados?<\/strong><br>S\u00e3o pessoas crentes que vivem com seriedade o seu compromisso baptismal. Querem crescer na f\u00e9.<br><br><strong>Juntam-se \u00e0s religiosas para:<\/strong><br>&#8211; viverem o carisma e a espiritualidade da Congrega\u00e7\u00e3o;<br>&#8211; aprofundarem e consolidarem as respectivas voca\u00e7\u00f5es.<\/p>\n\n\n\n<p><strong>FORMA\u00c7\u00c3O e Conte\u00fados<\/strong><br>A base da forma\u00e7\u00e3o dos Associados incide sobre:<br>&#8211; O conhecimento de Ana Maria Javouhey<br>&#8211; A sua espiritualidade e o seu carisma<br>&#8211; A hist\u00f3ria da Congrega\u00e7\u00e3o, ontem e hoje, atrav\u00e9s do mundo.<br><br><strong>Esta forma\u00e7\u00e3o \u00e9 para os Associados:<\/strong><br>&#8211; uma ajuda para aprofundar a Palavra de Deus, a F\u00e9 e a sua vida de ora\u00e7\u00e3o<br>&#8211; um apoio para viverem melhor o Evangelho e realizarem o projecto de Deus, na sua vida quotidiana e na Igreja.<br><br><strong>Modalidades<\/strong><br>Os Associados re\u00fanem-se com uma Irm\u00e3 ou uma comunidade que partilha com eles a vida e a espiritualidade de Ana Maria Javouhey. Juntos descobrem e aprofundam o dom do carisma j\u00e1 presente nas suas vidas e que eles s\u00e3o chamados a viver mais plenamente.<br><br>A forma\u00e7\u00e3o faz-se, geralmente, em grupo com encontros peri\u00f3dicos.<br>Os pr\u00f3prios Associados podem participar na organiza\u00e7\u00e3o dos encontros e intervir na forma\u00e7\u00e3o.<br><br><strong>Compromissos<\/strong><br>Dado o car\u00e1cter espec\u00edfico dos Associados, o seu compromisso \u00e9 determinado pelo seu pr\u00f3prio impulso interior. Depois de um tempo de caminhada s\u00e3o oferecidas v\u00e1rias possibilidades:<br>&#8211; fazer um compromisso espec\u00edfico por um ano, renov\u00e1vel;<br>&#8211; fazer um compromisso mais longo, que poder\u00e1 ir at\u00e9 a um compromisso definitivo, se o Associado o pedir.<br><br><strong>Ana Maria Javouhey<\/strong><br><strong>Espiritualidade e Carisma &#8211; &#8220;Fazer a Vontade de Deus \u00e9 tudo&#8221;<\/strong><\/p>\n\n\n\n<p>&#8211; \u00c9 na procura e no cumprimento desta vontade que ela encontra Cristo<br>atrav\u00e9s de tudo.<br>&#8211; A sua f\u00e9 descobre a Vontade divina nos sinais dos tempos e nos apelos dos irm\u00e3os; responde com uma generosidade sem limites; p\u00f5e-se ao servi\u00e7o de todos: crian\u00e7as a instruir, doentes abandonados a tratar, escravos a libertar, povos distantes a evangelizar.<br>&#8211; Aberta \u00e0s ideias novas do seu tempo, ataca o mal pela raiz&#8230; Respeitadora da dignidade humana, confia em todos.<br>&#8211; N\u00e3o trabalha s\u00f3, colabora fraternalmente com todos os que Deus p\u00f5e no seu caminho.<br>&#8211; Anima comunidades onde se vive o Evangelho e se prepara o Reino de Deus.<br>&#8211; &#8220;O Espirito vive nela, invade-a na contempla\u00e7\u00e3o, move-a na ac\u00e7\u00e3o, fecunda a sua miss\u00e3o&#8221;.(Constitui\u00e7\u00f5es da Congrega\u00e7\u00e3o)&nbsp;<\/p>\n\n\n\n<p><strong>Ana Maria Javouhey<br>Mulher de intui\u00e7\u00f5es delicadas,&nbsp;<br>de cora\u00e7\u00e3o cuja riqueza n\u00e3o se esgota,&nbsp;<br>de perd\u00e3o generoso,<br>Mulher de discernimento,&nbsp;<br>de coragem e aud\u00e1cia,<br>criativa e din\u00e2mica<br>Cora\u00e7\u00e3o de Cristo no \u00e2mago do mundo.<\/strong><\/p>\n","protected":false},"excerpt":{"rendered":"<p>Um projecto &#8211; Porqu\u00ea?Todos somos chamados \u00e0 Santidade. (Vaticano II)Na Enc\u00edclica &#8220;Christi fideles laici&#8221;, Jo\u00e3o Paulo II lan\u00e7a um apelo para que seja dado aos leigos o lugar que lhes compete na Igreja. As Irm\u00e3s de S. Jos\u00e9 de Cluny, t\u00eam a consci\u00eancia de ter uma heran\u00e7a espiritual a partilhar, um caminho de santidade legado [&hellip;]<\/p>\n<p class=\"more-link\"><a href=\"https:\/\/clunyportugal.com\/ppsjc\/associados-de-s-jose-de-cluny\/\"  class=\"themebutton\">Read More<\/a><\/p>\n","protected":false},"author":1,"featured_media":193,"parent":0,"menu_order":0,"comment_status":"closed","ping_status":"closed","template":"","meta":{"footnotes":""},"categories":[9],"tags":[],"class_list":["post-186","page","type-page","status-publish","has-post-thumbnail","hentry","category-associados"],"_links":{"self":[{"href":"https:\/\/clunyportugal.com\/ppsjc\/wp-json\/wp\/v2\/pages\/186","targetHints":{"allow":["GET"]}}],"collection":[{"href":"https:\/\/clunyportugal.com\/ppsjc\/wp-json\/wp\/v2\/pages"}],"about":[{"href":"https:\/\/clunyportugal.com\/ppsjc\/wp-json\/wp\/v2\/types\/page"}],"author":[{"embeddable":true,"href":"https:\/\/clunyportugal.com\/ppsjc\/wp-json\/wp\/v2\/users\/1"}],"replies":[{"embeddable":true,"href":"https:\/\/clunyportugal.com\/ppsjc\/wp-json\/wp\/v2\/comments?post=186"}],"version-history":[{"count":4,"href":"https:\/\/clunyportugal.com\/ppsjc\/wp-json\/wp\/v2\/pages\/186\/revisions"}],"predecessor-version":[{"id":786,"href":"https:\/\/clunyportugal.com\/ppsjc\/wp-json\/wp\/v2\/pages\/186\/revisions\/786"}],"wp:featuredmedia":[{"embeddable":true,"href":"https:\/\/clunyportugal.com\/ppsjc\/wp-json\/wp\/v2\/media\/193"}],"wp:attachment":[{"href":"https:\/\/clunyportugal.com\/ppsjc\/wp-json\/wp\/v2\/media?parent=186"}],"wp:term":[{"taxonomy":"category","embeddable":true,"href":"https:\/\/clunyportugal.com\/ppsjc\/wp-json\/wp\/v2\/categories?post=186"},{"taxonomy":"post_tag","embeddable":true,"href":"https:\/\/clunyportugal.com\/ppsjc\/wp-json\/wp\/v2\/tags?post=186"}],"curies":[{"name":"wp","href":"https:\/\/api.w.org\/{rel}","templated":true}]}}