{"id":1771,"date":"2022-10-04T08:05:04","date_gmt":"2022-10-04T08:05:04","guid":{"rendered":"https:\/\/clunyportugal.com\/ppsjc\/?page_id=1771"},"modified":"2022-10-04T08:05:07","modified_gmt":"2022-10-04T08:05:07","slug":"casa-de-s-jose-de-cluny","status":"publish","type":"page","link":"https:\/\/clunyportugal.com\/ppsjc\/casa-de-s-jose-de-cluny\/","title":{"rendered":"CASA DE S. JOS\u00c9 DE CLUNY"},"content":{"rendered":"\n<p class=\"has-black-color has-text-color\">A Casa de S. Jos\u00e9 de Cluny integra o Centro de Espiritualidade e Cultura &#8211; Ana Maria Javouhey, propriedade da Prov\u00edncia Portuguesa das Irm\u00e3s de S. Jos\u00e9 de Cluny. \u00c9 uma nova forma de presen\u00e7a na diocese de Santar\u00e9m e na cidade de Torres Novas.<\/p>\n\n\n\n<p class=\"has-text-color\" style=\"color:#79bea1\"><strong>Maison de S. Joseph de Cluny<br><\/strong>La maison de S. Joseph de Cluny fait partie du Centre de Spiritualit\u00e9 et Culture &#8211; Anne&nbsp;Marie Javouhey, propri\u00e9t\u00e9 de la Province Portugaise des S\u0153urs de S. Joseph de Cluny. C\u00b4est une nouvelle mani\u00e8re d\u00b4 \u00eatre pr\u00e9sente dans la dioc\u00e8se de Santar\u00e9m et dans la ville de Torres Novas.<\/p>\n\n\n\n<p class=\"has-text-color\" style=\"color:#2d84b7\"><strong>House of St. Joseph of Cluny<br><\/strong>The House of St. Joseph of Cluny integrates the Center of Spirituality and Culture &#8211; Ana Maria Javouhey, property of the Portuguese Province of the Sisters of St. Joseph of Cluny. It is a new form of presence in the diocese of Santar\u00e9m and in the city of Torres Novas.<\/p>\n\n\n\n<h2 class=\"wp-block-heading\">CONTACTOS<\/h2>\n\n\n\n<p class=\"has-black-color has-text-color\"><strong>Casa de S. Jos\u00e9 de Cluny<\/strong><br>Rua de S. Jos\u00e9 n.\u00ba 12<br>2350-525 TORRES NOVAS<\/p>\n\n\n\n<p><\/p>\n\n\n\n<p class=\"has-black-color has-text-color\"><strong>Telefone:<\/strong><br>+351 <strong>962 104 406<\/strong><\/p>\n\n\n\n<p class=\"has-black-color has-text-color\"><strong>Informa\u00e7\u00f5es:<\/strong><br>casacluny@clunyportugal.com<\/p>\n\n\n\n<p class=\"has-black-color has-text-color\"><strong>Reservas<\/strong><br>reservas@clunyportugal.com<\/p>\n","protected":false},"excerpt":{"rendered":"<p>A Casa de S. Jos\u00e9 de Cluny integra o Centro de Espiritualidade e Cultura &#8211; Ana Maria Javouhey, propriedade da Prov\u00edncia Portuguesa das Irm\u00e3s de S. Jos\u00e9 de Cluny. \u00c9 uma nova forma de presen\u00e7a na diocese de Santar\u00e9m e na cidade de Torres Novas. Maison de S. Joseph de ClunyLa maison de S. Joseph [&hellip;]<\/p>\n<p class=\"more-link\"><a href=\"https:\/\/clunyportugal.com\/ppsjc\/casa-de-s-jose-de-cluny\/\"  class=\"themebutton\">Read More<\/a><\/p>\n","protected":false},"author":1,"featured_media":0,"parent":0,"menu_order":0,"comment_status":"closed","ping_status":"closed","template":"","meta":{"footnotes":""},"categories":[],"tags":[],"class_list":["post-1771","page","type-page","status-publish","hentry"],"_links":{"self":[{"href":"https:\/\/clunyportugal.com\/ppsjc\/wp-json\/wp\/v2\/pages\/1771","targetHints":{"allow":["GET"]}}],"collection":[{"href":"https:\/\/clunyportugal.com\/ppsjc\/wp-json\/wp\/v2\/pages"}],"about":[{"href":"https:\/\/clunyportugal.com\/ppsjc\/wp-json\/wp\/v2\/types\/page"}],"author":[{"embeddable":true,"href":"https:\/\/clunyportugal.com\/ppsjc\/wp-json\/wp\/v2\/users\/1"}],"replies":[{"embeddable":true,"href":"https:\/\/clunyportugal.com\/ppsjc\/wp-json\/wp\/v2\/comments?post=1771"}],"version-history":[{"count":1,"href":"https:\/\/clunyportugal.com\/ppsjc\/wp-json\/wp\/v2\/pages\/1771\/revisions"}],"predecessor-version":[{"id":1772,"href":"https:\/\/clunyportugal.com\/ppsjc\/wp-json\/wp\/v2\/pages\/1771\/revisions\/1772"}],"wp:attachment":[{"href":"https:\/\/clunyportugal.com\/ppsjc\/wp-json\/wp\/v2\/media?parent=1771"}],"wp:term":[{"taxonomy":"category","embeddable":true,"href":"https:\/\/clunyportugal.com\/ppsjc\/wp-json\/wp\/v2\/categories?post=1771"},{"taxonomy":"post_tag","embeddable":true,"href":"https:\/\/clunyportugal.com\/ppsjc\/wp-json\/wp\/v2\/tags?post=1771"}],"curies":[{"name":"wp","href":"https:\/\/api.w.org\/{rel}","templated":true}]}}