{"id":127,"date":"2020-03-01T19:07:11","date_gmt":"2020-03-01T19:07:11","guid":{"rendered":"https:\/\/clunyportugal.com\/ppsjc\/?page_id=127"},"modified":"2020-05-01T10:02:58","modified_gmt":"2020-05-01T10:02:58","slug":"escola-superior-de-enfermagem-s-jose-de-cluny","status":"publish","type":"page","link":"https:\/\/clunyportugal.com\/ppsjc\/escola-superior-de-enfermagem-s-jose-de-cluny\/","title":{"rendered":"Escola Superior de Enfermagem S. Jos\u00e9 de Cluny"},"content":{"rendered":"\n<p class=\"has-medium-font-size\"><strong>Comunidade Esp\u00edrito Santo&nbsp;<\/strong><\/p>\n\n\n\n<p>Caminho do Monte, 111<br>9050 \u2013 288 Funchal \u2013 MADEIRA<br>Tel: 291 743 444 \/ 291 743 359<br><strong>E-mail: <\/strong><a rel=\"noreferrer noopener\" href=\"mailto:comunidadeesanto176@gmail.com\" target=\"_blank\">comunidadeesanto176@gmail.com<\/a><\/p>\n\n\n\n<p class=\"has-medium-font-size\"><strong>Escola Superior de Enfermagem S. Jos\u00e9 de Cluny<\/strong><\/p>\n\n\n\n<p>Caminho do Monte, 111<br>9050 \u2013 288 Funchal \u2013 MADEIRA<br>Tel: 291 743 444 \/ 291 743 359<br><strong>E-mail: <\/strong><a rel=\"noreferrer noopener\" href=\"mailto:comunidadeesanto176@gmail.com\" target=\"_blank\"><\/a><a href=\"mailto:geral@esesjcluny.pt\">geral@esesjcluny.pt<\/a><\/p>\n\n\n\n<p><a rel=\"noreferrer noopener\" aria-label=\"Site pr\u00f3prio (abre num novo separador)\" href=\"http:\/\/www.esesjcluny.pt\" target=\"_blank\">Site pr\u00f3prio<\/a><\/p>\n\n\n\n<figure class=\"wp-block-image size-large\"><img loading=\"lazy\" decoding=\"async\" width=\"1024\" height=\"533\" src=\"https:\/\/clunyportugal.com\/ppsjc\/wp-content\/uploads\/2020\/03\/enfermagem-1024x533.png\" alt=\"\" class=\"wp-image-128\" srcset=\"https:\/\/clunyportugal.com\/ppsjc\/wp-content\/uploads\/2020\/03\/enfermagem-1024x533.png 1024w, https:\/\/clunyportugal.com\/ppsjc\/wp-content\/uploads\/2020\/03\/enfermagem-300x156.png 300w, https:\/\/clunyportugal.com\/ppsjc\/wp-content\/uploads\/2020\/03\/enfermagem-768x400.png 768w, https:\/\/clunyportugal.com\/ppsjc\/wp-content\/uploads\/2020\/03\/enfermagem-1536x800.png 1536w, https:\/\/clunyportugal.com\/ppsjc\/wp-content\/uploads\/2020\/03\/enfermagem.png 1812w\" sizes=\"auto, (max-width: 1024px) 100vw, 1024px\" \/><figcaption>Escola Superior de Enfermagem S. Jos\u00e9 de Cluny<\/figcaption><\/figure>\n\n\n\n<p>A Escola superior de enfermagem S. Jos\u00e9 de Cluny foi fundada pela Madre Pedro Tavares, Enfermeira do Hospital Pasteur, em Paris, a pedido de um grupo de madeirenses. Inicialmente o Curso tinha a dura\u00e7\u00e3o de um ano.<br><br>A 13 de Outubro de 1948 a ESESJC \u00e9 reconhecida por despacho do Secret\u00e1rio de Estado da Assist\u00eancia Social. Foi aprovada pelo Dec. Lei n\u00ba 38885 de 28 de 1952.<br><br>Esta Institui\u00e7\u00e3o foi dotada de autonomia pedag\u00f3gica e t\u00e9cnica, sendo a sua Direc\u00e7\u00e3o e Ensino da responsabilidade das Irm\u00e3s de S. Jos\u00e9 de Cluny com a colabora\u00e7\u00e3o de Enfermeiros e outros T\u00e9cnicos de Sa\u00fade. Com a integra\u00e7\u00e3o do Ensino de Enfermagem no Ensino Superior, a Escola passou a designar-se como Escola Superior de Enfermagem de Cluny.<br><br>Actualmente \u00e9 dotada de personalidade jur\u00eddica e goza de autonomia pedag\u00f3gica, cultural, disciplinar e administrativa.<br><br>A Escola est\u00e1 situada a 3km do centro da cidade do Funchal, privilegiada de vegeta\u00e7\u00e3o e de uma excelente vista sobre a ba\u00eda com uma \u00e1rea de cerca de 5000m2.<br><br>A Comunidade Religiosa \u00e9 composta por 4 Irm\u00e3s que desempenham a sua miss\u00e3o educativa e apost\u00f3lica na Escola de Enfermagem.<\/p>\n","protected":false},"excerpt":{"rendered":"<p>Comunidade Esp\u00edrito Santo&nbsp; Caminho do Monte, 1119050 \u2013 288 Funchal \u2013 MADEIRATel: 291 743 444 \/ 291 743 359E-mail: comunidadeesanto176@gmail.com Escola Superior de Enfermagem S. Jos\u00e9 de Cluny Caminho do Monte, 1119050 \u2013 288 Funchal \u2013 MADEIRATel: 291 743 444 \/ 291 743 359E-mail: geral@esesjcluny.pt Site pr\u00f3prio A Escola superior de enfermagem S. Jos\u00e9 de [&hellip;]<\/p>\n<p class=\"more-link\"><a href=\"https:\/\/clunyportugal.com\/ppsjc\/escola-superior-de-enfermagem-s-jose-de-cluny\/\"  class=\"themebutton\">Read More<\/a><\/p>\n","protected":false},"author":1,"featured_media":128,"parent":0,"menu_order":0,"comment_status":"closed","ping_status":"closed","template":"","meta":{"footnotes":""},"categories":[7],"tags":[],"class_list":["post-127","page","type-page","status-publish","has-post-thumbnail","hentry","category-portugal"],"_links":{"self":[{"href":"https:\/\/clunyportugal.com\/ppsjc\/wp-json\/wp\/v2\/pages\/127","targetHints":{"allow":["GET"]}}],"collection":[{"href":"https:\/\/clunyportugal.com\/ppsjc\/wp-json\/wp\/v2\/pages"}],"about":[{"href":"https:\/\/clunyportugal.com\/ppsjc\/wp-json\/wp\/v2\/types\/page"}],"author":[{"embeddable":true,"href":"https:\/\/clunyportugal.com\/ppsjc\/wp-json\/wp\/v2\/users\/1"}],"replies":[{"embeddable":true,"href":"https:\/\/clunyportugal.com\/ppsjc\/wp-json\/wp\/v2\/comments?post=127"}],"version-history":[{"count":3,"href":"https:\/\/clunyportugal.com\/ppsjc\/wp-json\/wp\/v2\/pages\/127\/revisions"}],"predecessor-version":[{"id":1044,"href":"https:\/\/clunyportugal.com\/ppsjc\/wp-json\/wp\/v2\/pages\/127\/revisions\/1044"}],"wp:featuredmedia":[{"embeddable":true,"href":"https:\/\/clunyportugal.com\/ppsjc\/wp-json\/wp\/v2\/media\/128"}],"wp:attachment":[{"href":"https:\/\/clunyportugal.com\/ppsjc\/wp-json\/wp\/v2\/media?parent=127"}],"wp:term":[{"taxonomy":"category","embeddable":true,"href":"https:\/\/clunyportugal.com\/ppsjc\/wp-json\/wp\/v2\/categories?post=127"},{"taxonomy":"post_tag","embeddable":true,"href":"https:\/\/clunyportugal.com\/ppsjc\/wp-json\/wp\/v2\/tags?post=127"}],"curies":[{"name":"wp","href":"https:\/\/api.w.org\/{rel}","templated":true}]}}